{"id":574,"date":"2024-03-26T18:42:00","date_gmt":"2024-03-26T17:42:00","guid":{"rendered":"http:\/\/new.oppolzer-seifert.de\/?page_id=574"},"modified":"2025-03-17T14:55:24","modified_gmt":"2025-03-17T13:55:24","slug":"startseite","status":"publish","type":"page","link":"https:\/\/oppolzer-seifert.de\/en\/","title":{"rendered":"Homepage"},"content":{"rendered":"<div data-elementor-type=\"wp-page\" data-elementor-id=\"574\" class=\"elementor elementor-574\" data-elementor-post-type=\"page\">\n\t\t\t\t<div class=\"elementor-element elementor-element-e2b99a5 e-flex e-con-boxed e-con e-parent\" data-id=\"e2b99a5\" data-element_type=\"container\" data-e-type=\"container\">\n\t\t\t\t\t<div class=\"e-con-inner\">\n\t\t\t\t<div class=\"elementor-element elementor-element-984f0eb animated-slow elementor-invisible elementor-widget elementor-widget-image\" data-id=\"984f0eb\" data-element_type=\"widget\" data-e-type=\"widget\" data-settings=\"{&quot;_animation&quot;:&quot;fadeIn&quot;}\" data-widget_type=\"image.default\">\n\t\t\t\t<div class=\"elementor-widget-container\">\n\t\t\t\t\t\t\t\t\t\t\t\t\t\t\t<img decoding=\"async\" width=\"451\" height=\"107\" src=\"https:\/\/oppolzer-seifert.de\/wp-content\/uploads\/2024\/03\/oppolzer_seifert_kanzlei_logo.svg\" class=\"attachment-large size-large wp-image-35\" alt=\"\" \/>\t\t\t\t\t\t\t\t\t\t\t\t\t\t\t<\/div>\n\t\t\t\t<\/div>\n\t\t\t\t\t<\/div>\n\t\t\t\t<\/div>\n\t\t\t\t<\/div>","protected":false},"excerpt":{"rendered":"","protected":false},"author":1,"featured_media":0,"parent":0,"menu_order":0,"comment_status":"closed","ping_status":"closed","template":"elementor_canvas","meta":{"footnotes":""},"class_list":["post-574","page","type-page","status-publish","hentry"],"yoast_head":"<!-- This site is optimized with the Yoast SEO plugin v27.3 - https:\/\/yoast.com\/product\/yoast-seo-wordpress\/ -->\n<title>Willkommen - Oppolzer | Seifert \u2013 Rechtsanwaltskanzlei f\u00fcr Kartellrecht<\/title>\n<meta name=\"description\" content=\"Oppolzer | Seifert ist eine ausschlie\u00dflich auf das Kartellrecht spezialisierte Hamburger Anwaltssoziet\u00e4t.\" \/>\n<meta name=\"robots\" content=\"index, follow, max-snippet:-1, max-image-preview:large, max-video-preview:-1\" \/>\n<link rel=\"canonical\" href=\"https:\/\/oppolzer-seifert.de\/en\/\" \/>\n<meta property=\"og:locale\" content=\"en_GB\" \/>\n<meta property=\"og:type\" content=\"article\" \/>\n<meta property=\"og:title\" content=\"Willkommen - Oppolzer | Seifert \u2013 Rechtsanwaltskanzlei f\u00fcr Kartellrecht\" \/>\n<meta property=\"og:description\" content=\"Oppolzer | Seifert ist eine ausschlie\u00dflich auf das Kartellrecht spezialisierte Hamburger Anwaltssoziet\u00e4t.\" \/>\n<meta property=\"og:url\" content=\"https:\/\/oppolzer-seifert.de\/en\/\" \/>\n<meta property=\"og:site_name\" content=\"Oppolzer | Seifert \u2013 Rechtsanwaltskanzlei f\u00fcr Kartellrecht\" \/>\n<meta property=\"article:modified_time\" content=\"2025-03-17T13:55:24+00:00\" \/>\n<meta property=\"og:image\" content=\"http:\/\/oppolzer-seifert.de\/wp-content\/uploads\/2024\/03\/oppolzer_seifert_kanzlei_logo.svg\" \/>\n<meta name=\"twitter:card\" content=\"summary_large_image\" \/>\n<meta name=\"twitter:label1\" content=\"Estimated reading time\" \/>\n\t<meta name=\"twitter:data1\" content=\"1 minute\" \/>\n<script type=\"application\/ld+json\" class=\"yoast-schema-graph\">{\"@context\":\"https:\\\/\\\/schema.org\",\"@graph\":[{\"@type\":\"WebPage\",\"@id\":\"https:\\\/\\\/oppolzer-seifert.de\\\/\",\"url\":\"https:\\\/\\\/oppolzer-seifert.de\\\/\",\"name\":\"Willkommen - Oppolzer | Seifert \u2013 Rechtsanwaltskanzlei f\u00fcr Kartellrecht\",\"isPartOf\":{\"@id\":\"https:\\\/\\\/oppolzer-seifert.de\\\/#website\"},\"primaryImageOfPage\":{\"@id\":\"https:\\\/\\\/oppolzer-seifert.de\\\/#primaryimage\"},\"image\":{\"@id\":\"https:\\\/\\\/oppolzer-seifert.de\\\/#primaryimage\"},\"thumbnailUrl\":\"http:\\\/\\\/oppolzer-seifert.de\\\/wp-content\\\/uploads\\\/2024\\\/03\\\/oppolzer_seifert_kanzlei_logo.svg\",\"datePublished\":\"2024-03-26T17:42:00+00:00\",\"dateModified\":\"2025-03-17T13:55:24+00:00\",\"description\":\"Oppolzer | Seifert ist eine ausschlie\u00dflich auf das Kartellrecht spezialisierte Hamburger Anwaltssoziet\u00e4t.\",\"breadcrumb\":{\"@id\":\"https:\\\/\\\/oppolzer-seifert.de\\\/#breadcrumb\"},\"inLanguage\":\"en-GB\",\"potentialAction\":[{\"@type\":\"ReadAction\",\"target\":[\"https:\\\/\\\/oppolzer-seifert.de\\\/\"]}]},{\"@type\":\"ImageObject\",\"inLanguage\":\"en-GB\",\"@id\":\"https:\\\/\\\/oppolzer-seifert.de\\\/#primaryimage\",\"url\":\"http:\\\/\\\/oppolzer-seifert.de\\\/wp-content\\\/uploads\\\/2024\\\/03\\\/oppolzer_seifert_kanzlei_logo.svg\",\"contentUrl\":\"http:\\\/\\\/oppolzer-seifert.de\\\/wp-content\\\/uploads\\\/2024\\\/03\\\/oppolzer_seifert_kanzlei_logo.svg\"},{\"@type\":\"BreadcrumbList\",\"@id\":\"https:\\\/\\\/oppolzer-seifert.de\\\/#breadcrumb\",\"itemListElement\":[{\"@type\":\"ListItem\",\"position\":1,\"name\":\"Startseite\",\"item\":\"https:\\\/\\\/oppolzer-seifert.de\\\/\"},{\"@type\":\"ListItem\",\"position\":2,\"name\":\"Startseite\"}]},{\"@type\":\"WebSite\",\"@id\":\"https:\\\/\\\/oppolzer-seifert.de\\\/#website\",\"url\":\"https:\\\/\\\/oppolzer-seifert.de\\\/\",\"name\":\"Oppolzer | Seifert Anw\u00e4lte\",\"description\":\"\",\"publisher\":{\"@id\":\"https:\\\/\\\/oppolzer-seifert.de\\\/#organization\"},\"potentialAction\":[{\"@type\":\"SearchAction\",\"target\":{\"@type\":\"EntryPoint\",\"urlTemplate\":\"https:\\\/\\\/oppolzer-seifert.de\\\/?s={search_term_string}\"},\"query-input\":{\"@type\":\"PropertyValueSpecification\",\"valueRequired\":true,\"valueName\":\"search_term_string\"}}],\"inLanguage\":\"en-GB\"},{\"@type\":\"Organization\",\"@id\":\"https:\\\/\\\/oppolzer-seifert.de\\\/#organization\",\"name\":\"Oppolzer | Seifert Anw\u00e4lte\",\"url\":\"https:\\\/\\\/oppolzer-seifert.de\\\/\",\"logo\":{\"@type\":\"ImageObject\",\"inLanguage\":\"en-GB\",\"@id\":\"https:\\\/\\\/oppolzer-seifert.de\\\/#\\\/schema\\\/logo\\\/image\\\/\",\"url\":\"https:\\\/\\\/oppolzer-seifert.de\\\/wp-content\\\/uploads\\\/2025\\\/03\\\/oppolzer_seifert_logo.png\",\"contentUrl\":\"https:\\\/\\\/oppolzer-seifert.de\\\/wp-content\\\/uploads\\\/2025\\\/03\\\/oppolzer_seifert_logo.png\",\"width\":650,\"height\":156,\"caption\":\"Oppolzer | Seifert Anw\u00e4lte\"},\"image\":{\"@id\":\"https:\\\/\\\/oppolzer-seifert.de\\\/#\\\/schema\\\/logo\\\/image\\\/\"}}]}<\/script>\n<!-- \/ Yoast SEO plugin. -->","yoast_head_json":{"title":"Willkommen - Oppolzer | Seifert \u2013 Rechtsanwaltskanzlei f\u00fcr Kartellrecht","description":"Oppolzer | Seifert ist eine ausschlie\u00dflich auf das Kartellrecht spezialisierte Hamburger Anwaltssoziet\u00e4t.","robots":{"index":"index","follow":"follow","max-snippet":"max-snippet:-1","max-image-preview":"max-image-preview:large","max-video-preview":"max-video-preview:-1"},"canonical":"https:\/\/oppolzer-seifert.de\/en\/","og_locale":"en_GB","og_type":"article","og_title":"Willkommen - Oppolzer | Seifert \u2013 Rechtsanwaltskanzlei f\u00fcr Kartellrecht","og_description":"Oppolzer | Seifert ist eine ausschlie\u00dflich auf das Kartellrecht spezialisierte Hamburger Anwaltssoziet\u00e4t.","og_url":"https:\/\/oppolzer-seifert.de\/en\/","og_site_name":"Oppolzer | Seifert \u2013 Rechtsanwaltskanzlei f\u00fcr Kartellrecht","article_modified_time":"2025-03-17T13:55:24+00:00","og_image":[{"url":"http:\/\/oppolzer-seifert.de\/wp-content\/uploads\/2024\/03\/oppolzer_seifert_kanzlei_logo.svg","type":"","width":"","height":""}],"twitter_card":"summary_large_image","twitter_misc":{"Estimated reading time":"1 minute"},"schema":{"@context":"https:\/\/schema.org","@graph":[{"@type":"WebPage","@id":"https:\/\/oppolzer-seifert.de\/","url":"https:\/\/oppolzer-seifert.de\/","name":"Willkommen - Oppolzer | Seifert \u2013 Rechtsanwaltskanzlei f\u00fcr Kartellrecht","isPartOf":{"@id":"https:\/\/oppolzer-seifert.de\/#website"},"primaryImageOfPage":{"@id":"https:\/\/oppolzer-seifert.de\/#primaryimage"},"image":{"@id":"https:\/\/oppolzer-seifert.de\/#primaryimage"},"thumbnailUrl":"http:\/\/oppolzer-seifert.de\/wp-content\/uploads\/2024\/03\/oppolzer_seifert_kanzlei_logo.svg","datePublished":"2024-03-26T17:42:00+00:00","dateModified":"2025-03-17T13:55:24+00:00","description":"Oppolzer | Seifert ist eine ausschlie\u00dflich auf das Kartellrecht spezialisierte Hamburger Anwaltssoziet\u00e4t.","breadcrumb":{"@id":"https:\/\/oppolzer-seifert.de\/#breadcrumb"},"inLanguage":"en-GB","potentialAction":[{"@type":"ReadAction","target":["https:\/\/oppolzer-seifert.de\/"]}]},{"@type":"ImageObject","inLanguage":"en-GB","@id":"https:\/\/oppolzer-seifert.de\/#primaryimage","url":"http:\/\/oppolzer-seifert.de\/wp-content\/uploads\/2024\/03\/oppolzer_seifert_kanzlei_logo.svg","contentUrl":"http:\/\/oppolzer-seifert.de\/wp-content\/uploads\/2024\/03\/oppolzer_seifert_kanzlei_logo.svg"},{"@type":"BreadcrumbList","@id":"https:\/\/oppolzer-seifert.de\/#breadcrumb","itemListElement":[{"@type":"ListItem","position":1,"name":"Startseite","item":"https:\/\/oppolzer-seifert.de\/"},{"@type":"ListItem","position":2,"name":"Startseite"}]},{"@type":"WebSite","@id":"https:\/\/oppolzer-seifert.de\/#website","url":"https:\/\/oppolzer-seifert.de\/","name":"Oppolzer | Seifert Anw\u00e4lte","description":"","publisher":{"@id":"https:\/\/oppolzer-seifert.de\/#organization"},"potentialAction":[{"@type":"SearchAction","target":{"@type":"EntryPoint","urlTemplate":"https:\/\/oppolzer-seifert.de\/?s={search_term_string}"},"query-input":{"@type":"PropertyValueSpecification","valueRequired":true,"valueName":"search_term_string"}}],"inLanguage":"en-GB"},{"@type":"Organization","@id":"https:\/\/oppolzer-seifert.de\/#organization","name":"Oppolzer | Seifert Anw\u00e4lte","url":"https:\/\/oppolzer-seifert.de\/","logo":{"@type":"ImageObject","inLanguage":"en-GB","@id":"https:\/\/oppolzer-seifert.de\/#\/schema\/logo\/image\/","url":"https:\/\/oppolzer-seifert.de\/wp-content\/uploads\/2025\/03\/oppolzer_seifert_logo.png","contentUrl":"https:\/\/oppolzer-seifert.de\/wp-content\/uploads\/2025\/03\/oppolzer_seifert_logo.png","width":650,"height":156,"caption":"Oppolzer | Seifert Anw\u00e4lte"},"image":{"@id":"https:\/\/oppolzer-seifert.de\/#\/schema\/logo\/image\/"}}]}},"_links":{"self":[{"href":"https:\/\/oppolzer-seifert.de\/en\/wp-json\/wp\/v2\/pages\/574","targetHints":{"allow":["GET"]}}],"collection":[{"href":"https:\/\/oppolzer-seifert.de\/en\/wp-json\/wp\/v2\/pages"}],"about":[{"href":"https:\/\/oppolzer-seifert.de\/en\/wp-json\/wp\/v2\/types\/page"}],"author":[{"embeddable":true,"href":"https:\/\/oppolzer-seifert.de\/en\/wp-json\/wp\/v2\/users\/1"}],"replies":[{"embeddable":true,"href":"https:\/\/oppolzer-seifert.de\/en\/wp-json\/wp\/v2\/comments?post=574"}],"version-history":[{"count":10,"href":"https:\/\/oppolzer-seifert.de\/en\/wp-json\/wp\/v2\/pages\/574\/revisions"}],"predecessor-version":[{"id":1236,"href":"https:\/\/oppolzer-seifert.de\/en\/wp-json\/wp\/v2\/pages\/574\/revisions\/1236"}],"wp:attachment":[{"href":"https:\/\/oppolzer-seifert.de\/en\/wp-json\/wp\/v2\/media?parent=574"}],"curies":[{"name":"wp","href":"https:\/\/api.w.org\/{rel}","templated":true}]}}