{"id":693,"date":"2024-03-27T10:21:54","date_gmt":"2024-03-27T09:21:54","guid":{"rendered":"http:\/\/new.oppolzer-seifert.de\/?page_id=693"},"modified":"2024-03-27T18:20:53","modified_gmt":"2024-03-27T17:20:53","slug":"impressum","status":"publish","type":"page","link":"https:\/\/oppolzer-seifert.de\/en\/impressum\/","title":{"rendered":"Disclaimer"},"content":{"rendered":"<div data-elementor-type=\"wp-page\" data-elementor-id=\"693\" class=\"elementor elementor-693\" data-elementor-post-type=\"page\">\n\t\t\t\t<div class=\"elementor-element elementor-element-4e4106a e-flex e-con-boxed e-con e-parent\" data-id=\"4e4106a\" data-element_type=\"container\" data-e-type=\"container\">\n\t\t\t\t\t<div class=\"e-con-inner\">\n\t\t<div class=\"elementor-element elementor-element-8d8de6e e-flex e-con-boxed e-con e-child\" data-id=\"8d8de6e\" data-element_type=\"container\" data-e-type=\"container\">\n\t\t\t\t\t<div class=\"e-con-inner\">\n\t\t\t\t<div class=\"elementor-element elementor-element-1f8fd4c elementor-widget elementor-widget-heading\" data-id=\"1f8fd4c\" data-element_type=\"widget\" data-e-type=\"widget\" data-widget_type=\"heading.default\">\n\t\t\t\t<div class=\"elementor-widget-container\">\n\t\t\t\t\t<h2 class=\"elementor-heading-title elementor-size-default\">Disclaimer<\/h2>\t\t\t\t<\/div>\n\t\t\t\t<\/div>\n\t\t\t\t<div class=\"elementor-element elementor-element-1d0c707 elementor-widget elementor-widget-text-editor\" data-id=\"1d0c707\" data-element_type=\"widget\" data-e-type=\"widget\" data-widget_type=\"text-editor.default\">\n\t\t\t\t<div class=\"elementor-widget-container\">\n\t\t\t\t\t\t\t\t\t<p style=\"text-align: left;\"><strong>Name und Rechtsform<\/strong><br \/>Oppolzer Seifert Partnerschaft von Rechtsanw\u00e4lten mbB\u00a0<br \/>(Der auch verwendete Begriff \u201eOppolzer \u2502 Seifert\u201c bezieht sich stets auf Oppolzer Seifert Partnerschaft von Rechtsanw\u00e4lten mbB)<\/p><p style=\"text-align: left;\"><strong>Contact<\/strong><br \/>G\u00e4nsemarkt 31<br \/>20354 Hamburg<br \/>Deutschland<br \/>T. +49 40 228 60 498 0<br \/>F. +49 40 228 60 498 9<br \/><a href=\"mailto:info@oppolzer-seifert.de\">info(at)oppolzer-seifert.de<\/a><br \/><a href=\"https:\/\/oppolzer-seifert.de\/en\/\" target=\"_blank\" rel=\"noopener\">www.oppolzer-seifert.de<\/a><\/p><p style=\"text-align: left;\"><strong>Sitz und Registrierung<\/strong><br \/>Sitz: Hamburg<br \/>AG Hamburg<br \/>Partnerschaftsregister PR 1225<\/p><p style=\"text-align: left;\"><strong>Partner und Vetretungsberechtigung<\/strong><br \/>Partner und ausschlie\u00dflich vertretungsberechtigt sind Sebastian Oppolzer und Dr. Konstantin Seifert.<\/p><p style=\"text-align: left;\"><strong>Berufshaftpflichtversicherung<\/strong><br \/>Zurich Insurance plc NfD, 53287 Bonn<\/p><p style=\"text-align: left;\"><strong>Zust\u00e4ndige Rechtsanwaltskammer<\/strong><br \/>Alle Rechtsanw\u00e4lte von Oppolzer \u2502 Seifert sind in der Bundesrepublik Deutschland als Rechtsanwalt zugelassen, haben Ihren Dienstsitz in den o.g. Kanzleir\u00e4umen und sind Mitglieder der Hanseatischen Rechtsanwaltskammer Hamburg, Valentinskamp 88, 20355 Hamburg, Telefon: +49 40 35 74 41-0, Telefax: +49 40 35 74 41-41, E-Mail:\u00a0<a>info(at)rak-hamburg.de<\/a>, Internet:\u00a0<a href=\"http:\/\/www.rechtsanwaltskammerhamburg.de\/\" target=\"_blank\" rel=\"noopener\">www.rechtsanwaltskammerhamburg.de<\/a><\/p><p style=\"text-align: left;\">Die f\u00fcr die Rechtsanw\u00e4lte ma\u00dfgeblichen berufsrechtlichen Regelungen finden sich auf der Homepage der Bundesrechtsanwaltskammer,<a href=\"http:\/\/www.brak.de\/\" target=\"_blank\" rel=\"noopener\">\u00a0www.brak.de<\/a>, unter der Rubrik \u201eF\u00fcr Anw\u00e4lte\u201c, Unterabschnitt \u201eBerufsrecht\u201c. Bei diesen Regelungen handelt es sich namentlich um:<\/p><ul style=\"text-align: left;\"><li>Bundesrechtsanwaltsordnung (BRAO)<\/li><li>Berufsordnung f\u00fcr Rechtsanw\u00e4lte (BORA)<\/li><li>Fachanwaltsordnung (FAO)<\/li><li>Rechtsanwaltsverg\u00fctungsgesetz (RVG)<\/li><li>Gesetz \u00fcber die T\u00e4tigkeit europ\u00e4ischer Rechtsanw\u00e4lte in Deutschland (EuRAG)<\/li><li>Berufsregeln der europ\u00e4ischen Rechtsanw\u00e4lte (CCBE)\u00a0<\/li><\/ul><p style=\"text-align: left;\"><strong>Umsatzsteuer-Identifikationsnummer<\/strong><br \/>DE318346583<\/p><p style=\"text-align: left;\"><strong>Mandatsvereinbarung, Interessenkollision<\/strong><br \/>Die Mandatsvereinbarung und die sich aus ihr ergebenden Rechte und Pflichten unterliegen dem Recht der Bundesrepublik Deutschland. Nichtausschlie\u00dflicher Gerichtsstand f\u00fcr Streitigkeiten, die sich im Zusammenhang mit der Mandatsvereinbarung oder \u00fcber ihre G\u00fcltigkeit ergeben, ist Hamburg.<\/p><p style=\"text-align: left;\">Die Wahrnehmung widerstreitender Interessen ist Rechtsanw\u00e4lten aufgrund berufsrechtlicher Regelungen untersagt (\u00a7 43a Abs. 4 BRAO). Vor Annahme eines Mandats wird deshalb immer gepr\u00fcft, ob ein Interessenkonflikt vorliegt.\u00a0<\/p><p style=\"text-align: left;\"><strong>Au\u00dfergerichtliche Streitschlichtung<\/strong><br \/>Auf Antrag besteht die M\u00f6glichkeit der au\u00dfergerichtlichen Streitschlichtung bei der Hanseatischen Rechtsanwaltskammer gem\u00e4\u00df \u00a7 73 Abs. 2 Nr. 3 i. V. m. Abs. 5 BRAO oder bei der Streitschlichtungsstelle der Rechtsanwaltschaft (\u00a7 191 f. BRAO) der Bundesrechtsanwaltskammer, im Internet zu finden \u00fcber die Website der Bundesrechtsanwaltskammer (<a href=\"http:\/\/www.brak.de\/\" target=\"_blank\" rel=\"noopener\">www.brak.de<\/a>), E-Mail:\u00a0<a>schlichtungsstelle(at)brak.de<\/a>.\u00a0<\/p><p style=\"text-align: left;\"><strong>Verantwortliche Redakteure i. S. d. \u00a7 7 Abs. 2 TMG<\/strong><br \/>Sebastian Oppolzer, Dr. Konstantin Seifert<br \/>Oppolzer Seifert Partnerschaft von Rechtsanw\u00e4lten mbB, G\u00e4nsemarkt 31, 20354 Hamburg<\/p>\t\t\t\t\t\t\t\t<\/div>\n\t\t\t\t<\/div>\n\t\t\t\t\t<\/div>\n\t\t\t\t<\/div>\n\t\t\t\t\t<\/div>\n\t\t\t\t<\/div>\n\t\t\t\t<\/div>","protected":false},"excerpt":{"rendered":"<p>Impressum Name und RechtsformOppolzer Seifert Partnerschaft von Rechtsanw\u00e4lten mbB\u00a0(Der auch verwendete Begriff \u201eOppolzer \u2502 Seifert\u201c bezieht sich stets auf Oppolzer Seifert Partnerschaft von Rechtsanw\u00e4lten mbB) KontaktG\u00e4nsemarkt 3120354 HamburgDeutschlandT. +49 40 228 60 498 0F. +49 40 228 60 498 9info(at)oppolzer-seifert.dewww.oppolzer-seifert.de Sitz und RegistrierungSitz: HamburgAG HamburgPartnerschaftsregister PR 1225 Partner und VetretungsberechtigungPartner und ausschlie\u00dflich vertretungsberechtigt sind Sebastian [&hellip;]<\/p>\n","protected":false},"author":1,"featured_media":0,"parent":0,"menu_order":0,"comment_status":"closed","ping_status":"closed","template":"elementor_canvas","meta":{"footnotes":""},"class_list":["post-693","page","type-page","status-publish","hentry"],"yoast_head":"<!-- This site is optimized with the Yoast SEO plugin v27.3 - https:\/\/yoast.com\/product\/yoast-seo-wordpress\/ -->\n<title>Impressum - Oppolzer | Seifert \u2013 Rechtsanwaltskanzlei f\u00fcr Kartellrecht<\/title>\n<meta name=\"robots\" content=\"index, follow, max-snippet:-1, max-image-preview:large, max-video-preview:-1\" \/>\n<link rel=\"canonical\" href=\"https:\/\/oppolzer-seifert.de\/en\/impressum\/\" \/>\n<meta property=\"og:locale\" content=\"en_GB\" \/>\n<meta property=\"og:type\" content=\"article\" \/>\n<meta property=\"og:title\" content=\"Impressum - Oppolzer | Seifert \u2013 Rechtsanwaltskanzlei f\u00fcr Kartellrecht\" \/>\n<meta property=\"og:description\" content=\"Impressum Name und RechtsformOppolzer Seifert Partnerschaft von Rechtsanw\u00e4lten mbB\u00a0(Der auch verwendete Begriff \u201eOppolzer \u2502 Seifert\u201c bezieht sich stets auf Oppolzer Seifert Partnerschaft von Rechtsanw\u00e4lten mbB) KontaktG\u00e4nsemarkt 3120354 HamburgDeutschlandT. +49 40 228 60 498 0F. +49 40 228 60 498 9info(at)oppolzer-seifert.dewww.oppolzer-seifert.de Sitz und RegistrierungSitz: HamburgAG HamburgPartnerschaftsregister PR 1225 Partner und VetretungsberechtigungPartner und ausschlie\u00dflich vertretungsberechtigt sind Sebastian [&hellip;]\" \/>\n<meta property=\"og:url\" content=\"https:\/\/oppolzer-seifert.de\/en\/impressum\/\" \/>\n<meta property=\"og:site_name\" content=\"Oppolzer | Seifert \u2013 Rechtsanwaltskanzlei f\u00fcr Kartellrecht\" \/>\n<meta property=\"article:modified_time\" content=\"2024-03-27T17:20:53+00:00\" \/>\n<meta name=\"twitter:card\" content=\"summary_large_image\" \/>\n<meta name=\"twitter:label1\" content=\"Estimated reading time\" \/>\n\t<meta name=\"twitter:data1\" content=\"2 minutes\" \/>\n<script type=\"application\/ld+json\" class=\"yoast-schema-graph\">{\"@context\":\"https:\\\/\\\/schema.org\",\"@graph\":[{\"@type\":\"WebPage\",\"@id\":\"https:\\\/\\\/oppolzer-seifert.de\\\/impressum\\\/\",\"url\":\"https:\\\/\\\/oppolzer-seifert.de\\\/impressum\\\/\",\"name\":\"Impressum - Oppolzer | Seifert \u2013 Rechtsanwaltskanzlei f\u00fcr Kartellrecht\",\"isPartOf\":{\"@id\":\"https:\\\/\\\/oppolzer-seifert.de\\\/#website\"},\"datePublished\":\"2024-03-27T09:21:54+00:00\",\"dateModified\":\"2024-03-27T17:20:53+00:00\",\"breadcrumb\":{\"@id\":\"https:\\\/\\\/oppolzer-seifert.de\\\/impressum\\\/#breadcrumb\"},\"inLanguage\":\"en-GB\",\"potentialAction\":[{\"@type\":\"ReadAction\",\"target\":[\"https:\\\/\\\/oppolzer-seifert.de\\\/impressum\\\/\"]}]},{\"@type\":\"BreadcrumbList\",\"@id\":\"https:\\\/\\\/oppolzer-seifert.de\\\/impressum\\\/#breadcrumb\",\"itemListElement\":[{\"@type\":\"ListItem\",\"position\":1,\"name\":\"Startseite\",\"item\":\"https:\\\/\\\/oppolzer-seifert.de\\\/\"},{\"@type\":\"ListItem\",\"position\":2,\"name\":\"Impressum\"}]},{\"@type\":\"WebSite\",\"@id\":\"https:\\\/\\\/oppolzer-seifert.de\\\/#website\",\"url\":\"https:\\\/\\\/oppolzer-seifert.de\\\/\",\"name\":\"Oppolzer | Seifert Anw\u00e4lte\",\"description\":\"\",\"publisher\":{\"@id\":\"https:\\\/\\\/oppolzer-seifert.de\\\/#organization\"},\"potentialAction\":[{\"@type\":\"SearchAction\",\"target\":{\"@type\":\"EntryPoint\",\"urlTemplate\":\"https:\\\/\\\/oppolzer-seifert.de\\\/?s={search_term_string}\"},\"query-input\":{\"@type\":\"PropertyValueSpecification\",\"valueRequired\":true,\"valueName\":\"search_term_string\"}}],\"inLanguage\":\"en-GB\"},{\"@type\":\"Organization\",\"@id\":\"https:\\\/\\\/oppolzer-seifert.de\\\/#organization\",\"name\":\"Oppolzer | Seifert Anw\u00e4lte\",\"url\":\"https:\\\/\\\/oppolzer-seifert.de\\\/\",\"logo\":{\"@type\":\"ImageObject\",\"inLanguage\":\"en-GB\",\"@id\":\"https:\\\/\\\/oppolzer-seifert.de\\\/#\\\/schema\\\/logo\\\/image\\\/\",\"url\":\"https:\\\/\\\/oppolzer-seifert.de\\\/wp-content\\\/uploads\\\/2025\\\/03\\\/oppolzer_seifert_logo.png\",\"contentUrl\":\"https:\\\/\\\/oppolzer-seifert.de\\\/wp-content\\\/uploads\\\/2025\\\/03\\\/oppolzer_seifert_logo.png\",\"width\":650,\"height\":156,\"caption\":\"Oppolzer | Seifert Anw\u00e4lte\"},\"image\":{\"@id\":\"https:\\\/\\\/oppolzer-seifert.de\\\/#\\\/schema\\\/logo\\\/image\\\/\"}}]}<\/script>\n<!-- \/ Yoast SEO plugin. -->","yoast_head_json":{"title":"Impressum - Oppolzer | Seifert \u2013 Rechtsanwaltskanzlei f\u00fcr Kartellrecht","robots":{"index":"index","follow":"follow","max-snippet":"max-snippet:-1","max-image-preview":"max-image-preview:large","max-video-preview":"max-video-preview:-1"},"canonical":"https:\/\/oppolzer-seifert.de\/en\/impressum\/","og_locale":"en_GB","og_type":"article","og_title":"Impressum - Oppolzer | Seifert \u2013 Rechtsanwaltskanzlei f\u00fcr Kartellrecht","og_description":"Impressum Name und RechtsformOppolzer Seifert Partnerschaft von Rechtsanw\u00e4lten mbB\u00a0(Der auch verwendete Begriff \u201eOppolzer \u2502 Seifert\u201c bezieht sich stets auf Oppolzer Seifert Partnerschaft von Rechtsanw\u00e4lten mbB) KontaktG\u00e4nsemarkt 3120354 HamburgDeutschlandT. +49 40 228 60 498 0F. +49 40 228 60 498 9info(at)oppolzer-seifert.dewww.oppolzer-seifert.de Sitz und RegistrierungSitz: HamburgAG HamburgPartnerschaftsregister PR 1225 Partner und VetretungsberechtigungPartner und ausschlie\u00dflich vertretungsberechtigt sind Sebastian [&hellip;]","og_url":"https:\/\/oppolzer-seifert.de\/en\/impressum\/","og_site_name":"Oppolzer | Seifert \u2013 Rechtsanwaltskanzlei f\u00fcr Kartellrecht","article_modified_time":"2024-03-27T17:20:53+00:00","twitter_card":"summary_large_image","twitter_misc":{"Estimated reading time":"2 minutes"},"schema":{"@context":"https:\/\/schema.org","@graph":[{"@type":"WebPage","@id":"https:\/\/oppolzer-seifert.de\/impressum\/","url":"https:\/\/oppolzer-seifert.de\/impressum\/","name":"Impressum - Oppolzer | Seifert \u2013 Rechtsanwaltskanzlei f\u00fcr Kartellrecht","isPartOf":{"@id":"https:\/\/oppolzer-seifert.de\/#website"},"datePublished":"2024-03-27T09:21:54+00:00","dateModified":"2024-03-27T17:20:53+00:00","breadcrumb":{"@id":"https:\/\/oppolzer-seifert.de\/impressum\/#breadcrumb"},"inLanguage":"en-GB","potentialAction":[{"@type":"ReadAction","target":["https:\/\/oppolzer-seifert.de\/impressum\/"]}]},{"@type":"BreadcrumbList","@id":"https:\/\/oppolzer-seifert.de\/impressum\/#breadcrumb","itemListElement":[{"@type":"ListItem","position":1,"name":"Startseite","item":"https:\/\/oppolzer-seifert.de\/"},{"@type":"ListItem","position":2,"name":"Impressum"}]},{"@type":"WebSite","@id":"https:\/\/oppolzer-seifert.de\/#website","url":"https:\/\/oppolzer-seifert.de\/","name":"Oppolzer | Seifert Anw\u00e4lte","description":"","publisher":{"@id":"https:\/\/oppolzer-seifert.de\/#organization"},"potentialAction":[{"@type":"SearchAction","target":{"@type":"EntryPoint","urlTemplate":"https:\/\/oppolzer-seifert.de\/?s={search_term_string}"},"query-input":{"@type":"PropertyValueSpecification","valueRequired":true,"valueName":"search_term_string"}}],"inLanguage":"en-GB"},{"@type":"Organization","@id":"https:\/\/oppolzer-seifert.de\/#organization","name":"Oppolzer | Seifert Anw\u00e4lte","url":"https:\/\/oppolzer-seifert.de\/","logo":{"@type":"ImageObject","inLanguage":"en-GB","@id":"https:\/\/oppolzer-seifert.de\/#\/schema\/logo\/image\/","url":"https:\/\/oppolzer-seifert.de\/wp-content\/uploads\/2025\/03\/oppolzer_seifert_logo.png","contentUrl":"https:\/\/oppolzer-seifert.de\/wp-content\/uploads\/2025\/03\/oppolzer_seifert_logo.png","width":650,"height":156,"caption":"Oppolzer | Seifert Anw\u00e4lte"},"image":{"@id":"https:\/\/oppolzer-seifert.de\/#\/schema\/logo\/image\/"}}]}},"_links":{"self":[{"href":"https:\/\/oppolzer-seifert.de\/en\/wp-json\/wp\/v2\/pages\/693","targetHints":{"allow":["GET"]}}],"collection":[{"href":"https:\/\/oppolzer-seifert.de\/en\/wp-json\/wp\/v2\/pages"}],"about":[{"href":"https:\/\/oppolzer-seifert.de\/en\/wp-json\/wp\/v2\/types\/page"}],"author":[{"embeddable":true,"href":"https:\/\/oppolzer-seifert.de\/en\/wp-json\/wp\/v2\/users\/1"}],"replies":[{"embeddable":true,"href":"https:\/\/oppolzer-seifert.de\/en\/wp-json\/wp\/v2\/comments?post=693"}],"version-history":[{"count":10,"href":"https:\/\/oppolzer-seifert.de\/en\/wp-json\/wp\/v2\/pages\/693\/revisions"}],"predecessor-version":[{"id":949,"href":"https:\/\/oppolzer-seifert.de\/en\/wp-json\/wp\/v2\/pages\/693\/revisions\/949"}],"wp:attachment":[{"href":"https:\/\/oppolzer-seifert.de\/en\/wp-json\/wp\/v2\/media?parent=693"}],"curies":[{"name":"wp","href":"https:\/\/api.w.org\/{rel}","templated":true}]}}