{"id":714,"date":"2024-03-27T10:58:57","date_gmt":"2024-03-27T09:58:57","guid":{"rendered":"http:\/\/new.oppolzer-seifert.de\/?page_id=714"},"modified":"2024-05-22T08:20:25","modified_gmt":"2024-05-22T06:20:25","slug":"sebastian-oppolzer","status":"publish","type":"page","link":"https:\/\/oppolzer-seifert.de\/en\/wer-sind-wir\/sebastian-oppolzer\/","title":{"rendered":"Sebastian Oppolzer"},"content":{"rendered":"<div data-elementor-type=\"wp-page\" data-elementor-id=\"714\" class=\"elementor elementor-714\" data-elementor-post-type=\"page\">\n\t\t\t\t<div class=\"elementor-element elementor-element-4e4106a e-flex e-con-boxed e-con e-parent\" data-id=\"4e4106a\" data-element_type=\"container\" data-e-type=\"container\">\n\t\t\t\t\t<div class=\"e-con-inner\">\n\t\t<div class=\"elementor-element elementor-element-8d8de6e e-flex e-con-boxed e-con e-child\" data-id=\"8d8de6e\" data-element_type=\"container\" data-e-type=\"container\">\n\t\t\t\t\t<div class=\"e-con-inner\">\n\t\t\t\t<div class=\"elementor-element elementor-element-4f6fa93 elementor-widget elementor-widget-text-editor\" data-id=\"4f6fa93\" data-element_type=\"widget\" data-e-type=\"widget\" data-widget_type=\"text-editor.default\">\n\t\t\t\t<div class=\"elementor-widget-container\">\n\t\t\t\t\t\t\t\t\t<p style=\"text-align: right;\"><a href=\"http:\/\/new.oppolzer-seifert.de\/wer-sind-wir\/\">Close X<\/a><\/p>\t\t\t\t\t\t\t\t<\/div>\n\t\t\t\t<\/div>\n\t\t\t\t\t<\/div>\n\t\t\t\t<\/div>\n\t\t<div class=\"elementor-element elementor-element-f8b7f7f e-flex e-con-boxed e-con e-child\" data-id=\"f8b7f7f\" data-element_type=\"container\" data-e-type=\"container\">\n\t\t\t\t\t<div class=\"e-con-inner\">\n\t\t\t\t<div class=\"elementor-element elementor-element-0ed0556 elementor-widget elementor-widget-heading\" data-id=\"0ed0556\" data-element_type=\"widget\" data-e-type=\"widget\" data-widget_type=\"heading.default\">\n\t\t\t\t<div class=\"elementor-widget-container\">\n\t\t\t\t\t<h2 class=\"elementor-heading-title elementor-size-default\">SEBASTIAN OPPOLZER<\/h2>\t\t\t\t<\/div>\n\t\t\t\t<\/div>\n\t\t\t\t\t<\/div>\n\t\t\t\t<\/div>\n\t\t<div class=\"elementor-element elementor-element-e35d6e4 e-con-full e-flex e-con e-child\" data-id=\"e35d6e4\" data-element_type=\"container\" data-e-type=\"container\">\n\t\t\t\t<div class=\"elementor-element elementor-element-b67bbfd elementor-widget elementor-widget-image\" data-id=\"b67bbfd\" data-element_type=\"widget\" data-e-type=\"widget\" data-widget_type=\"image.default\">\n\t\t\t\t<div class=\"elementor-widget-container\">\n\t\t\t\t\t\t\t\t\t\t\t\t\t\t\t<img fetchpriority=\"high\" decoding=\"async\" width=\"612\" height=\"916\" src=\"https:\/\/oppolzer-seifert.de\/wp-content\/uploads\/2024\/03\/Portrait_SO.jpg\" class=\"attachment-large size-large wp-image-745\" alt=\"\" srcset=\"https:\/\/oppolzer-seifert.de\/wp-content\/uploads\/2024\/03\/Portrait_SO.jpg 612w, https:\/\/oppolzer-seifert.de\/wp-content\/uploads\/2024\/03\/Portrait_SO-200x300.jpg 200w, https:\/\/oppolzer-seifert.de\/wp-content\/uploads\/2024\/03\/Portrait_SO-8x12.jpg 8w\" sizes=\"(max-width: 612px) 100vw, 612px\" \/>\t\t\t\t\t\t\t\t\t\t\t\t\t\t\t<\/div>\n\t\t\t\t<\/div>\n\t\t\t\t<\/div>\n\t\t<div class=\"elementor-element elementor-element-3b7052f e-con-full e-flex e-con e-child\" data-id=\"3b7052f\" data-element_type=\"container\" data-e-type=\"container\">\n\t\t\t\t<div class=\"elementor-element elementor-element-0ea4e78 elementor-widget elementor-widget-text-editor\" data-id=\"0ea4e78\" data-element_type=\"widget\" data-e-type=\"widget\" data-widget_type=\"text-editor.default\">\n\t\t\t\t<div class=\"elementor-widget-container\">\n\t\t\t\t\t\t\t\t\t<p>Sebastian Oppolzer has studied law at the universities of Hamburg, T\u00fcbingen and Speyer (business administrative law), followed by a research fellowship in the area of antitrust at the Georgetown University Law Center in Washington D.C., USA.\u00a0<\/p><p>Before founding Oppolzer | Seifert, he was a partner practicing in the area of cartel law with Corinius LLP. He was admitted to the Bar in 2005.\u00a0<\/p><p>Sebastian Oppolzer speaks German and English.<\/p><p>He is a member of the German academic antitrust law society (Studienvereinigung Kartellrecht e.V.) and of the Competition Litgation Forum. He is listed as one of the leading competition lawyers in Germany by WirtschaftsWoche.<\/p><p>Prestigious ranking Juve 2022\/2023 lists him as \"often recommended\" lawyer for competition law (\"outstanding in his field, experienced and fast\"; competitor).<\/p><p><strong>Contact<\/strong><br \/>P.\u00a0 \u00a0+49 40 228 60 498 1<br \/>M.\u00a0\u00a0+49 163 277 18 31<br \/>E.\u00a0 \u00a0\u00a0<a href=\"mailto:oppolzer@oppolzer-seifert.de\">oppolzer(at)oppolzer-seifert.de<\/a><\/p>\t\t\t\t\t\t\t\t<\/div>\n\t\t\t\t<\/div>\n\t\t\t\t<div class=\"elementor-element elementor-element-9ad0405 elementor-widget elementor-widget-toggle\" data-id=\"9ad0405\" data-element_type=\"widget\" data-e-type=\"widget\" data-widget_type=\"toggle.default\">\n\t\t\t\t<div class=\"elementor-widget-container\">\n\t\t\t\t\t\t\t<div class=\"elementor-toggle\">\n\t\t\t\t\t\t\t<div class=\"elementor-toggle-item\">\n\t\t\t\t\t<div id=\"elementor-tab-title-1621\" class=\"elementor-tab-title\" data-tab=\"1\" role=\"button\" aria-controls=\"elementor-tab-content-1621\" aria-expanded=\"false\">\n\t\t\t\t\t\t\t\t\t\t\t\t<span class=\"elementor-toggle-icon elementor-toggle-icon-right\" aria-hidden=\"true\">\n\t\t\t\t\t\t\t\t\t\t\t\t\t\t\t<span class=\"elementor-toggle-icon-closed\"><svg class=\"e-font-icon-svg e-fas-angle-down\" viewbox=\"0 0 320 512\" xmlns=\"http:\/\/www.w3.org\/2000\/svg\"><path d=\"M143 352.3L7 216.3c-9.4-9.4-9.4-24.6 0-33.9l22.6-22.6c9.4-9.4 24.6-9.4 33.9 0l96.4 96.4 96.4-96.4c9.4-9.4 24.6-9.4 33.9 0l22.6 22.6c9.4 9.4 9.4 24.6 0 33.9l-136 136c-9.2 9.4-24.4 9.4-33.8 0z\"><\/path><\/svg><\/span>\n\t\t\t\t\t\t\t\t<span class=\"elementor-toggle-icon-opened\"><svg class=\"elementor-toggle-icon-opened e-font-icon-svg e-fas-angle-up\" viewbox=\"0 0 320 512\" xmlns=\"http:\/\/www.w3.org\/2000\/svg\"><path d=\"M177 159.7l136 136c9.4 9.4 9.4 24.6 0 33.9l-22.6 22.6c-9.4 9.4-24.6 9.4-33.9 0L160 255.9l-96.4 96.4c-9.4 9.4-24.6 9.4-33.9 0L7 329.7c-9.4-9.4-9.4-24.6 0-33.9l136-136c9.4-9.5 24.6-9.5 34-.1z\"><\/path><\/svg><\/span>\n\t\t\t\t\t\t\t\t\t\t\t\t\t<\/span>\n\t\t\t\t\t\t\t\t\t\t\t\t<a class=\"elementor-toggle-title\" tabindex=\"0\">Publications<\/a>\n\t\t\t\t\t<\/div>\n\n\t\t\t\t\t<div id=\"elementor-tab-content-1621\" class=\"elementor-tab-content elementor-clearfix\" data-tab=\"1\" role=\"region\" aria-labelledby=\"elementor-tab-title-1621\"><p><u>Club Deals in M&amp;A-Transaktionen<br>\n(Club Deals in M&amp;A-Transactions)<\/u><br \/>Betriebs-Berater 2021, p. 3017-3025 (Competition Law Section)<\/p><p><u>Kartellrechtliche Fallstricke beim Vertrieb<br>\n(Antitrust Pitfalls in Distribution Agreements)<\/u><br \/>Finanzen Steuern Recht (Hamburg Chamber of Commerce), December 2018 (full text available <a href=\"https:\/\/www.service-seiten.com\/Finanzen-Steuern-Recht\/Hamburg-20182019\/Kartellrechtliche-Fallstricke-beim-Vertrieb.html\">here<\/a>)<\/p><p><u>Die Darlegung und der Beweis der Auswirkungen des Kartells auf den Schadensersatzkl\u00e4ger: Aktivlegitimation, Befangenheit und Schadenseintritt<br>\n(Proving the Cartel's Impact on the Claimant: Standing, Concern and Occurence of Damage)<\/u><br \/>Wirtschaft und Wettbewerb 2019, p. 71-78 (WUW1287149) (full text available for subscribers <a href=\"https:\/\/wuw-online.owlit.de\/document.aspx\/?sUrl=rn%3aroex%5e%5efile%3a%2f%2fR%7c%2f03%2f02%2f01%2fzsa%2fwuw%2ffb%2fd%2ffbdafd2f42d42533632ea736d75f1c4f.xml&amp;ref=searchservice&amp;authentication=none\">here<\/a>)<\/p><p><u>Schadensersatz f\u00fcr Kartellgesch\u00e4digte <br>\n(Damage Claims of Cartel Victims)<\/u><br \/>Finanzen Steuern Recht (Hamburg Chamber of Commerce), February 2017 (full text available <a href=\"https:\/\/www.service-seiten.com\/Finanzen-Steuern-Recht\/Hamburg-2017\/Schadenersatz-fuer-Kartellgeschaedigte.html\">here<\/a>)<\/p><p><u>Fusionskontrolle: Beurteilung von Prognoseentscheidungen aus Beteiligtensicht <br>\n(Prognoses in Merger Control \u2013 The Parties\u2018 Perspective)<\/u><br \/>published in: Patente, Prognose, Kooperationen; Aktuelle Fragen der Kartellrechtsanwendung, Baden-Baden 2008<\/p><p><u>Kartellrecht und Tarifautonomie <br>\n(Competition Law and Collective Bargaining)<\/u><br \/>published in: Beitr\u00e4ge zur wirtschaftsverwaltungsrechtlichen Praxis, Speyer 2003<\/p><p><u>Anwendungsprobleme des \u00a7 20 IV GWB hinsichtlich des Verkaufs unter Einstandspreis <br>\n(Application of \u00a7 20 para 4 German Antitrust Code in the Context of Predatory Pricing)<\/u><br \/>Wirtschaft und Wettbewerb 2000, S. 17-26<\/p><p><u>Kartellrecht und Ligasport \u2013 der Ausnahmebereich des \u00a7 31 GWB <br>\n(Competition Law and Sports Leagues \u2013 The Exemption in \u00a7 31 German Antitrust Code)<\/u><br \/>published in: Die 6. GWB-Novelle, Prof. Dr. M\u00f6schel, T\u00fcbingen 1998<\/p><\/div>\n\t\t\t\t<\/div>\n\t\t\t\t\t\t\t\t<\/div>\n\t\t\t\t\t\t<\/div>\n\t\t\t\t<\/div>\n\t\t\t\t<\/div>\n\t\t\t\t\t<\/div>\n\t\t\t\t<\/div>\n\t\t\t\t<\/div>","protected":false},"excerpt":{"rendered":"<p>Schlie\u00dfen X SEBASTIAN OPPOLZER Sebastian Oppolzer hat an den Universit\u00e4ten in Hamburg, T\u00fcbingen und Speyer\u00a0studiert. Er verbrachte zudem einen Forschungsaufenthalt im Bereich Antitrust am Georgetown University Law Center in Washington D.C., USA.\u00a0 Vor der Gr\u00fcndung von Oppolzer | Seifert war er Partner im Bereich Kartellrecht bei Corinius LLP. Er ist seit 2005 als Rechtsanwalt zugelassen.\u00a0 [&hellip;]<\/p>\n","protected":false},"author":1,"featured_media":0,"parent":576,"menu_order":0,"comment_status":"closed","ping_status":"closed","template":"elementor_canvas","meta":{"footnotes":""},"class_list":["post-714","page","type-page","status-publish","hentry"],"yoast_head":"<!-- This site is optimized with the Yoast SEO plugin v27.3 - https:\/\/yoast.com\/product\/yoast-seo-wordpress\/ -->\n<title>Sebastian Oppolzer - Oppolzer | Seifert \u2013 Rechtsanwaltskanzlei f\u00fcr Kartellrecht<\/title>\n<meta name=\"robots\" content=\"index, follow, max-snippet:-1, max-image-preview:large, max-video-preview:-1\" \/>\n<link rel=\"canonical\" href=\"https:\/\/oppolzer-seifert.de\/en\/wer-sind-wir\/sebastian-oppolzer\/\" \/>\n<meta property=\"og:locale\" content=\"en_GB\" \/>\n<meta property=\"og:type\" content=\"article\" \/>\n<meta property=\"og:title\" content=\"Sebastian Oppolzer - Oppolzer | Seifert \u2013 Rechtsanwaltskanzlei f\u00fcr Kartellrecht\" \/>\n<meta property=\"og:description\" content=\"Schlie\u00dfen X SEBASTIAN OPPOLZER Sebastian Oppolzer hat an den Universit\u00e4ten in Hamburg, T\u00fcbingen und Speyer\u00a0studiert. Er verbrachte zudem einen Forschungsaufenthalt im Bereich Antitrust am Georgetown University Law Center in Washington D.C., USA.\u00a0 Vor der Gr\u00fcndung von Oppolzer | Seifert war er Partner im Bereich Kartellrecht bei Corinius LLP. Er ist seit 2005 als Rechtsanwalt zugelassen.\u00a0 [&hellip;]\" \/>\n<meta property=\"og:url\" content=\"https:\/\/oppolzer-seifert.de\/en\/wer-sind-wir\/sebastian-oppolzer\/\" \/>\n<meta property=\"og:site_name\" content=\"Oppolzer | Seifert \u2013 Rechtsanwaltskanzlei f\u00fcr Kartellrecht\" \/>\n<meta property=\"article:modified_time\" content=\"2024-05-22T06:20:25+00:00\" \/>\n<meta property=\"og:image\" content=\"http:\/\/new.oppolzer-seifert.de\/wp-content\/uploads\/2024\/03\/Portrait_SO.jpg\" \/>\n<meta name=\"twitter:card\" content=\"summary_large_image\" \/>\n<meta name=\"twitter:label1\" content=\"Estimated reading time\" \/>\n\t<meta name=\"twitter:data1\" content=\"1 minute\" \/>\n<script type=\"application\/ld+json\" class=\"yoast-schema-graph\">{\"@context\":\"https:\\\/\\\/schema.org\",\"@graph\":[{\"@type\":\"WebPage\",\"@id\":\"https:\\\/\\\/oppolzer-seifert.de\\\/wer-sind-wir\\\/sebastian-oppolzer\\\/\",\"url\":\"https:\\\/\\\/oppolzer-seifert.de\\\/wer-sind-wir\\\/sebastian-oppolzer\\\/\",\"name\":\"Sebastian Oppolzer - Oppolzer | Seifert \u2013 Rechtsanwaltskanzlei f\u00fcr Kartellrecht\",\"isPartOf\":{\"@id\":\"https:\\\/\\\/oppolzer-seifert.de\\\/#website\"},\"primaryImageOfPage\":{\"@id\":\"https:\\\/\\\/oppolzer-seifert.de\\\/wer-sind-wir\\\/sebastian-oppolzer\\\/#primaryimage\"},\"image\":{\"@id\":\"https:\\\/\\\/oppolzer-seifert.de\\\/wer-sind-wir\\\/sebastian-oppolzer\\\/#primaryimage\"},\"thumbnailUrl\":\"http:\\\/\\\/new.oppolzer-seifert.de\\\/wp-content\\\/uploads\\\/2024\\\/03\\\/Portrait_SO.jpg\",\"datePublished\":\"2024-03-27T09:58:57+00:00\",\"dateModified\":\"2024-05-22T06:20:25+00:00\",\"breadcrumb\":{\"@id\":\"https:\\\/\\\/oppolzer-seifert.de\\\/wer-sind-wir\\\/sebastian-oppolzer\\\/#breadcrumb\"},\"inLanguage\":\"en-GB\",\"potentialAction\":[{\"@type\":\"ReadAction\",\"target\":[\"https:\\\/\\\/oppolzer-seifert.de\\\/wer-sind-wir\\\/sebastian-oppolzer\\\/\"]}]},{\"@type\":\"ImageObject\",\"inLanguage\":\"en-GB\",\"@id\":\"https:\\\/\\\/oppolzer-seifert.de\\\/wer-sind-wir\\\/sebastian-oppolzer\\\/#primaryimage\",\"url\":\"http:\\\/\\\/new.oppolzer-seifert.de\\\/wp-content\\\/uploads\\\/2024\\\/03\\\/Portrait_SO.jpg\",\"contentUrl\":\"http:\\\/\\\/new.oppolzer-seifert.de\\\/wp-content\\\/uploads\\\/2024\\\/03\\\/Portrait_SO.jpg\"},{\"@type\":\"BreadcrumbList\",\"@id\":\"https:\\\/\\\/oppolzer-seifert.de\\\/wer-sind-wir\\\/sebastian-oppolzer\\\/#breadcrumb\",\"itemListElement\":[{\"@type\":\"ListItem\",\"position\":1,\"name\":\"Startseite\",\"item\":\"https:\\\/\\\/oppolzer-seifert.de\\\/\"},{\"@type\":\"ListItem\",\"position\":2,\"name\":\"Wer wir sind\",\"item\":\"https:\\\/\\\/oppolzer-seifert.de\\\/wer-sind-wir\\\/\"},{\"@type\":\"ListItem\",\"position\":3,\"name\":\"Sebastian Oppolzer\"}]},{\"@type\":\"WebSite\",\"@id\":\"https:\\\/\\\/oppolzer-seifert.de\\\/#website\",\"url\":\"https:\\\/\\\/oppolzer-seifert.de\\\/\",\"name\":\"Oppolzer | Seifert Anw\u00e4lte\",\"description\":\"\",\"publisher\":{\"@id\":\"https:\\\/\\\/oppolzer-seifert.de\\\/#organization\"},\"potentialAction\":[{\"@type\":\"SearchAction\",\"target\":{\"@type\":\"EntryPoint\",\"urlTemplate\":\"https:\\\/\\\/oppolzer-seifert.de\\\/?s={search_term_string}\"},\"query-input\":{\"@type\":\"PropertyValueSpecification\",\"valueRequired\":true,\"valueName\":\"search_term_string\"}}],\"inLanguage\":\"en-GB\"},{\"@type\":\"Organization\",\"@id\":\"https:\\\/\\\/oppolzer-seifert.de\\\/#organization\",\"name\":\"Oppolzer | Seifert Anw\u00e4lte\",\"url\":\"https:\\\/\\\/oppolzer-seifert.de\\\/\",\"logo\":{\"@type\":\"ImageObject\",\"inLanguage\":\"en-GB\",\"@id\":\"https:\\\/\\\/oppolzer-seifert.de\\\/#\\\/schema\\\/logo\\\/image\\\/\",\"url\":\"https:\\\/\\\/oppolzer-seifert.de\\\/wp-content\\\/uploads\\\/2025\\\/03\\\/oppolzer_seifert_logo.png\",\"contentUrl\":\"https:\\\/\\\/oppolzer-seifert.de\\\/wp-content\\\/uploads\\\/2025\\\/03\\\/oppolzer_seifert_logo.png\",\"width\":650,\"height\":156,\"caption\":\"Oppolzer | Seifert Anw\u00e4lte\"},\"image\":{\"@id\":\"https:\\\/\\\/oppolzer-seifert.de\\\/#\\\/schema\\\/logo\\\/image\\\/\"}}]}<\/script>\n<!-- \/ Yoast SEO plugin. -->","yoast_head_json":{"title":"Sebastian Oppolzer - Oppolzer | Seifert \u2013 Rechtsanwaltskanzlei f\u00fcr Kartellrecht","robots":{"index":"index","follow":"follow","max-snippet":"max-snippet:-1","max-image-preview":"max-image-preview:large","max-video-preview":"max-video-preview:-1"},"canonical":"https:\/\/oppolzer-seifert.de\/en\/wer-sind-wir\/sebastian-oppolzer\/","og_locale":"en_GB","og_type":"article","og_title":"Sebastian Oppolzer - Oppolzer | Seifert \u2013 Rechtsanwaltskanzlei f\u00fcr Kartellrecht","og_description":"Schlie\u00dfen X SEBASTIAN OPPOLZER Sebastian Oppolzer hat an den Universit\u00e4ten in Hamburg, T\u00fcbingen und Speyer\u00a0studiert. Er verbrachte zudem einen Forschungsaufenthalt im Bereich Antitrust am Georgetown University Law Center in Washington D.C., USA.\u00a0 Vor der Gr\u00fcndung von Oppolzer | Seifert war er Partner im Bereich Kartellrecht bei Corinius LLP. Er ist seit 2005 als Rechtsanwalt zugelassen.\u00a0 [&hellip;]","og_url":"https:\/\/oppolzer-seifert.de\/en\/wer-sind-wir\/sebastian-oppolzer\/","og_site_name":"Oppolzer | Seifert \u2013 Rechtsanwaltskanzlei f\u00fcr Kartellrecht","article_modified_time":"2024-05-22T06:20:25+00:00","og_image":[{"url":"http:\/\/new.oppolzer-seifert.de\/wp-content\/uploads\/2024\/03\/Portrait_SO.jpg","type":"","width":"","height":""}],"twitter_card":"summary_large_image","twitter_misc":{"Estimated reading time":"1 minute"},"schema":{"@context":"https:\/\/schema.org","@graph":[{"@type":"WebPage","@id":"https:\/\/oppolzer-seifert.de\/wer-sind-wir\/sebastian-oppolzer\/","url":"https:\/\/oppolzer-seifert.de\/wer-sind-wir\/sebastian-oppolzer\/","name":"Sebastian Oppolzer - Oppolzer | Seifert \u2013 Rechtsanwaltskanzlei f\u00fcr Kartellrecht","isPartOf":{"@id":"https:\/\/oppolzer-seifert.de\/#website"},"primaryImageOfPage":{"@id":"https:\/\/oppolzer-seifert.de\/wer-sind-wir\/sebastian-oppolzer\/#primaryimage"},"image":{"@id":"https:\/\/oppolzer-seifert.de\/wer-sind-wir\/sebastian-oppolzer\/#primaryimage"},"thumbnailUrl":"http:\/\/new.oppolzer-seifert.de\/wp-content\/uploads\/2024\/03\/Portrait_SO.jpg","datePublished":"2024-03-27T09:58:57+00:00","dateModified":"2024-05-22T06:20:25+00:00","breadcrumb":{"@id":"https:\/\/oppolzer-seifert.de\/wer-sind-wir\/sebastian-oppolzer\/#breadcrumb"},"inLanguage":"en-GB","potentialAction":[{"@type":"ReadAction","target":["https:\/\/oppolzer-seifert.de\/wer-sind-wir\/sebastian-oppolzer\/"]}]},{"@type":"ImageObject","inLanguage":"en-GB","@id":"https:\/\/oppolzer-seifert.de\/wer-sind-wir\/sebastian-oppolzer\/#primaryimage","url":"http:\/\/new.oppolzer-seifert.de\/wp-content\/uploads\/2024\/03\/Portrait_SO.jpg","contentUrl":"http:\/\/new.oppolzer-seifert.de\/wp-content\/uploads\/2024\/03\/Portrait_SO.jpg"},{"@type":"BreadcrumbList","@id":"https:\/\/oppolzer-seifert.de\/wer-sind-wir\/sebastian-oppolzer\/#breadcrumb","itemListElement":[{"@type":"ListItem","position":1,"name":"Startseite","item":"https:\/\/oppolzer-seifert.de\/"},{"@type":"ListItem","position":2,"name":"Wer wir sind","item":"https:\/\/oppolzer-seifert.de\/wer-sind-wir\/"},{"@type":"ListItem","position":3,"name":"Sebastian Oppolzer"}]},{"@type":"WebSite","@id":"https:\/\/oppolzer-seifert.de\/#website","url":"https:\/\/oppolzer-seifert.de\/","name":"Oppolzer | Seifert Anw\u00e4lte","description":"","publisher":{"@id":"https:\/\/oppolzer-seifert.de\/#organization"},"potentialAction":[{"@type":"SearchAction","target":{"@type":"EntryPoint","urlTemplate":"https:\/\/oppolzer-seifert.de\/?s={search_term_string}"},"query-input":{"@type":"PropertyValueSpecification","valueRequired":true,"valueName":"search_term_string"}}],"inLanguage":"en-GB"},{"@type":"Organization","@id":"https:\/\/oppolzer-seifert.de\/#organization","name":"Oppolzer | Seifert Anw\u00e4lte","url":"https:\/\/oppolzer-seifert.de\/","logo":{"@type":"ImageObject","inLanguage":"en-GB","@id":"https:\/\/oppolzer-seifert.de\/#\/schema\/logo\/image\/","url":"https:\/\/oppolzer-seifert.de\/wp-content\/uploads\/2025\/03\/oppolzer_seifert_logo.png","contentUrl":"https:\/\/oppolzer-seifert.de\/wp-content\/uploads\/2025\/03\/oppolzer_seifert_logo.png","width":650,"height":156,"caption":"Oppolzer | Seifert Anw\u00e4lte"},"image":{"@id":"https:\/\/oppolzer-seifert.de\/#\/schema\/logo\/image\/"}}]}},"_links":{"self":[{"href":"https:\/\/oppolzer-seifert.de\/en\/wp-json\/wp\/v2\/pages\/714","targetHints":{"allow":["GET"]}}],"collection":[{"href":"https:\/\/oppolzer-seifert.de\/en\/wp-json\/wp\/v2\/pages"}],"about":[{"href":"https:\/\/oppolzer-seifert.de\/en\/wp-json\/wp\/v2\/types\/page"}],"author":[{"embeddable":true,"href":"https:\/\/oppolzer-seifert.de\/en\/wp-json\/wp\/v2\/users\/1"}],"replies":[{"embeddable":true,"href":"https:\/\/oppolzer-seifert.de\/en\/wp-json\/wp\/v2\/comments?post=714"}],"version-history":[{"count":10,"href":"https:\/\/oppolzer-seifert.de\/en\/wp-json\/wp\/v2\/pages\/714\/revisions"}],"predecessor-version":[{"id":1194,"href":"https:\/\/oppolzer-seifert.de\/en\/wp-json\/wp\/v2\/pages\/714\/revisions\/1194"}],"up":[{"embeddable":true,"href":"https:\/\/oppolzer-seifert.de\/en\/wp-json\/wp\/v2\/pages\/576"}],"wp:attachment":[{"href":"https:\/\/oppolzer-seifert.de\/en\/wp-json\/wp\/v2\/media?parent=714"}],"curies":[{"name":"wp","href":"https:\/\/api.w.org\/{rel}","templated":true}]}}