{"id":761,"date":"2024-03-27T11:11:15","date_gmt":"2024-03-27T10:11:15","guid":{"rendered":"http:\/\/new.oppolzer-seifert.de\/?page_id=761"},"modified":"2024-05-22T08:20:55","modified_gmt":"2024-05-22T06:20:55","slug":"dr-konstantin-seifert-ll-b","status":"publish","type":"page","link":"https:\/\/oppolzer-seifert.de\/en\/wer-sind-wir\/dr-konstantin-seifert-ll-b\/","title":{"rendered":"Dr. Konstantin Seifert\u00a0LL.B."},"content":{"rendered":"<div data-elementor-type=\"wp-page\" data-elementor-id=\"761\" class=\"elementor elementor-761\" data-elementor-post-type=\"page\">\n\t\t\t\t<div class=\"elementor-element elementor-element-4e4106a e-flex e-con-boxed e-con e-parent\" data-id=\"4e4106a\" data-element_type=\"container\" data-e-type=\"container\">\n\t\t\t\t\t<div class=\"e-con-inner\">\n\t\t<div class=\"elementor-element elementor-element-15425c5 e-flex e-con-boxed e-con e-child\" data-id=\"15425c5\" data-element_type=\"container\" data-e-type=\"container\">\n\t\t\t\t\t<div class=\"e-con-inner\">\n\t\t\t\t<div class=\"elementor-element elementor-element-67f1f5a elementor-widget elementor-widget-text-editor\" data-id=\"67f1f5a\" data-element_type=\"widget\" data-e-type=\"widget\" data-widget_type=\"text-editor.default\">\n\t\t\t\t<div class=\"elementor-widget-container\">\n\t\t\t\t\t\t\t\t\t<p style=\"text-align: right;\"><a href=\"http:\/\/new.oppolzer-seifert.de\/wer-sind-wir\/\">Close X<\/a><\/p>\t\t\t\t\t\t\t\t<\/div>\n\t\t\t\t<\/div>\n\t\t\t\t\t<\/div>\n\t\t\t\t<\/div>\n\t\t<div class=\"elementor-element elementor-element-8d8de6e e-flex e-con-boxed e-con e-child\" data-id=\"8d8de6e\" data-element_type=\"container\" data-e-type=\"container\">\n\t\t\t\t\t<div class=\"e-con-inner\">\n\t\t\t\t<div class=\"elementor-element elementor-element-1f8fd4c elementor-widget elementor-widget-heading\" data-id=\"1f8fd4c\" data-element_type=\"widget\" data-e-type=\"widget\" data-widget_type=\"heading.default\">\n\t\t\t\t<div class=\"elementor-widget-container\">\n\t\t\t\t\t<h2 class=\"elementor-heading-title elementor-size-default\">DR. KONSTANTIN SEIFERT <font size=\"5\">LL.B.<\/font><\/h2>\t\t\t\t<\/div>\n\t\t\t\t<\/div>\n\t\t\t\t\t<\/div>\n\t\t\t\t<\/div>\n\t\t<div class=\"elementor-element elementor-element-e35d6e4 e-con-full e-flex e-con e-child\" data-id=\"e35d6e4\" data-element_type=\"container\" data-e-type=\"container\">\n\t\t\t\t<div class=\"elementor-element elementor-element-b67bbfd elementor-widget elementor-widget-image\" data-id=\"b67bbfd\" data-element_type=\"widget\" data-e-type=\"widget\" data-widget_type=\"image.default\">\n\t\t\t\t<div class=\"elementor-widget-container\">\n\t\t\t\t\t\t\t\t\t\t\t\t\t\t\t<img fetchpriority=\"high\" decoding=\"async\" width=\"612\" height=\"916\" src=\"https:\/\/oppolzer-seifert.de\/wp-content\/uploads\/2024\/03\/Portrait_KS.jpg\" class=\"attachment-large size-large wp-image-763\" alt=\"\" srcset=\"https:\/\/oppolzer-seifert.de\/wp-content\/uploads\/2024\/03\/Portrait_KS.jpg 612w, https:\/\/oppolzer-seifert.de\/wp-content\/uploads\/2024\/03\/Portrait_KS-200x300.jpg 200w, https:\/\/oppolzer-seifert.de\/wp-content\/uploads\/2024\/03\/Portrait_KS-8x12.jpg 8w\" sizes=\"(max-width: 612px) 100vw, 612px\" \/>\t\t\t\t\t\t\t\t\t\t\t\t\t\t\t<\/div>\n\t\t\t\t<\/div>\n\t\t\t\t<\/div>\n\t\t<div class=\"elementor-element elementor-element-3b7052f e-con-full e-flex e-con e-child\" data-id=\"3b7052f\" data-element_type=\"container\" data-e-type=\"container\">\n\t\t\t\t<div class=\"elementor-element elementor-element-0ea4e78 elementor-widget elementor-widget-text-editor\" data-id=\"0ea4e78\" data-element_type=\"widget\" data-e-type=\"widget\" data-widget_type=\"text-editor.default\">\n\t\t\t\t<div class=\"elementor-widget-container\">\n\t\t\t\t\t\t\t\t\t<p>Konstantin Seifert studied law at Bucerius Law School in Hamburg and Harvard Law School in Cambridge, USA. As part of his professional training he worked for an international law firm in Paris and the German Consulate General in San Francisco. He was awarded a doctorate degree by the University of M\u00fcnster for his dissertation on European Competition Law.<\/p><p>Before founding Oppolzer | Seifert he worked as an attorney with the antitrust department of Allen &amp; Overy LLP before joining Corinius LLP. He was admitted to the Bar in 2007.<\/p><p>Konstantin Seifert speaks German, English, French and some Farsi.<\/p><p>He is a member of the German academic antitrust society (Studienvereinigung Kartellrecht e.V.), the Competition Litigation Forum and of the Alumni organizations of Bucerius Law School, the German National Academic Foundation and his grammar school Wilhelm-Gymnasium in Hamburg.<\/p><p>Prestigious ranking Juve 2022\/2023 lists him as \"often recommended\" lawyer for competition law (\"as clever as a fox\", \"extremely intelligent advisor\"; competitor).<\/p><p><strong>Contact<\/strong><br \/>P. +49 40 228 60 498 2<br \/>M. +49 151 7062 1894<br \/>E. <a href=\"mailto:seifert@oppolzer-seifert.de\">seifert(at)oppolzer-seifert.de<\/a><\/p>\t\t\t\t\t\t\t\t<\/div>\n\t\t\t\t<\/div>\n\t\t\t\t<div class=\"elementor-element elementor-element-9ad0405 elementor-widget elementor-widget-toggle\" data-id=\"9ad0405\" data-element_type=\"widget\" data-e-type=\"widget\" data-widget_type=\"toggle.default\">\n\t\t\t\t<div class=\"elementor-widget-container\">\n\t\t\t\t\t\t\t<div class=\"elementor-toggle\">\n\t\t\t\t\t\t\t<div class=\"elementor-toggle-item\">\n\t\t\t\t\t<div id=\"elementor-tab-title-1621\" class=\"elementor-tab-title\" data-tab=\"1\" role=\"button\" aria-controls=\"elementor-tab-content-1621\" aria-expanded=\"false\">\n\t\t\t\t\t\t\t\t\t\t\t\t<span class=\"elementor-toggle-icon elementor-toggle-icon-right\" aria-hidden=\"true\">\n\t\t\t\t\t\t\t\t\t\t\t\t\t\t\t<span class=\"elementor-toggle-icon-closed\"><svg class=\"e-font-icon-svg e-fas-angle-down\" viewbox=\"0 0 320 512\" xmlns=\"http:\/\/www.w3.org\/2000\/svg\"><path d=\"M143 352.3L7 216.3c-9.4-9.4-9.4-24.6 0-33.9l22.6-22.6c9.4-9.4 24.6-9.4 33.9 0l96.4 96.4 96.4-96.4c9.4-9.4 24.6-9.4 33.9 0l22.6 22.6c9.4 9.4 9.4 24.6 0 33.9l-136 136c-9.2 9.4-24.4 9.4-33.8 0z\"><\/path><\/svg><\/span>\n\t\t\t\t\t\t\t\t<span class=\"elementor-toggle-icon-opened\"><svg class=\"elementor-toggle-icon-opened e-font-icon-svg e-fas-angle-up\" viewbox=\"0 0 320 512\" xmlns=\"http:\/\/www.w3.org\/2000\/svg\"><path d=\"M177 159.7l136 136c9.4 9.4 9.4 24.6 0 33.9l-22.6 22.6c-9.4 9.4-24.6 9.4-33.9 0L160 255.9l-96.4 96.4c-9.4 9.4-24.6 9.4-33.9 0L7 329.7c-9.4-9.4-9.4-24.6 0-33.9l136-136c9.4-9.5 24.6-9.5 34-.1z\"><\/path><\/svg><\/span>\n\t\t\t\t\t\t\t\t\t\t\t\t\t<\/span>\n\t\t\t\t\t\t\t\t\t\t\t\t<a class=\"elementor-toggle-title\" tabindex=\"0\">Publications<\/a>\n\t\t\t\t\t<\/div>\n\n\t\t\t\t\t<div id=\"elementor-tab-content-1621\" class=\"elementor-tab-content elementor-clearfix\" data-tab=\"1\" role=\"region\" aria-labelledby=\"elementor-tab-title-1621\"><p><u>The Bundling of Claims in Cartel Damages Litigation<\/u> (German Chapter)<br \/>\nQ Class Actions January 2021 (full text available <a href=\"http:\/\/https:\/\/q.bureaubrandeis.com\/blog\/the-bundling-of-claims-in-cartel-damages-litigation-germany-v-netherlands-v-uk-v-italy-v-france\/\">here<\/a>)<\/p>\n\n<p><u>Passing-on-Defense: Untauglicher Standardeinwand<br>\n(Passing-on-Defense: Unsuitable Standard Defense)<\/u><br \/>\nNeue Zeitschrift f\u00fcr Kartellrecht 2020, p. 350-355 (full text available for subscribers <a href=\"https:\/\/beck-online.beck.de\/Dokument?vpath=bibdata%2Fzeits%2Fnzkart%2F2020%2Fcont%2Fnzkart.2020.350.1.htm&amp;anchor=Y-300-Z-NZKART-B-2020-S-350&amp;jumpType=Jump&amp;jumpWords=nzkart%2B2020%252c%2B350\">here<\/a>)<\/p>\n\n<p><u>Kartellrechtliche Fallstricke beim Vertrieb<br>\n(Antitrust Pitfalls in Distribution Agreements)<\/u><br \/>\nFinanzen Steuern Recht (Hamburg Chamber of Commerce), December 2018 (full text available <a href=\"https:\/\/www.service-seiten.com\/Finanzen-Steuern-Recht\/Hamburg-20182019\/Kartellrechtliche-Fallstricke-beim-Vertrieb.html\">here<\/a>)<\/p>\n\n<p><u>Die Darlegung und der Beweis der Auswirkungen des Kartells auf den Schadensersatzkl\u00e4ger: Aktivlegitimation, Befangenheit und Schadenseintritt<br>\n(Proving the Cartel's Impact on the Claimant: Standing, Concern and Occurence of Damage)<\/u><br \/>\nWirtschaft und Wettbewerb 2019, p. 71-78 (WUW1287149) (full text available for subscribers <a href=\"https:\/\/wuw-online.owlit.de\/document.aspx\/?sUrl=rn%3aroex%5e%5efile%3a%2f%2fR%7c%2f03%2f02%2f01%2fzsa%2fwuw%2ffb%2fd%2ffbdafd2f42d42533632ea736d75f1c4f.xml&amp;ref=searchservice&amp;authentication=none\">here<\/a>)<\/p>\n\n<p><u>Kartellschadensersatz \u2013 Eine Einf\u00fchrung<br>\n(Cartel Damage Litigation  \u2013 An Introduction)<\/u><br \/>\nBucerius Law Journal, Issue 2\/2017, p. 144-150 (full text available <a href=\"http:\/\/law-journal.de\/archiv\/jahrgang-2017\/heft-2\/kartellschadensersatz\/\">here<\/a>)&nbsp;<\/p>\n\n<p><u>Informationsbeschaffung f\u00fcr Kartellschadensersatzverfahren \u2013 Kommen Gesch\u00e4digte (noch) an die Akte des Bundeskartellamts?<br>\n(Information Gathering in Cartel Damage Claims \u2013 Will Claimants (still) have Access to the Federal Cartel Office\u2019s File?)<\/u><br \/>\nNeue Zeitschrift f\u00fcr Kartellrecht 2017, p. 512-518 (full text available for subscribers <a href=\"https:\/\/beck-online.beck.de\/Dokument?vpath=bibdata%2Fzeits%2Fnzkart%2F2017%2Fcont%2Fnzkart.2017.512.1.htm&amp;anchor=Y-300-Z-NZKART-B-2017-S-512-N-1\">here<\/a>)&nbsp;<\/p>\n\n<p><u>Die Verj\u00e4hrung kartellrechtlicher Follow-on-Schadensersatzanspr\u00fcche<br>\n(Statutory Limitation of Cartel Damage Claims in Follow-on Proceedings)<\/u><br \/>\nWirtschaft und Wettbewerb 2017, p. 474-482 (WUW1244063) (full text available for subscribers <a href=\"https:\/\/wuw-online.owlit.de\/document.aspx\/?sUrl=rn:roex%5e%5efile:\/\/R|\/03\/02\/01\/zsa\/wuw\/45\/3\/453668ae27df533afa090057ead0b874.xml&amp;ref=searchservice&amp;authentication=none\">here<\/a>)&nbsp;<\/p>\n\n<p><u>Die einheitliche und fortgesetzte Zuwiderhandlung - komplexe Kartelle im europ\u00e4ischen Kartellrecht<br>\n(The Single Complex and Continuous Infringement - Complex Cartels under EU Competition Law)<\/u><br \/>\nNomos Verlag, Baden-Baden 2013 (more information <a href=\"http:\/\/www.nomos-shop.de\/21047\">here<\/a>) &nbsp;<\/p>\n\n<p><u>The Single Complex and Continuous Infringement &#8211; &#8222;Effet&#8220; Utilitarism?<\/u><br \/>\nEuropean Competition Law Review, Issue 9, 2008, S. 546-556&nbsp;<\/p>\n\n<p><u>\"Europ\u00e4isierung\" des deutschen Kartellrechts \u2013 Konsequenzen f\u00fcr Kartellmitglieder?<br>\n(Europeanization of German Cartel Law \u2013 Consequences for Cartel Members?)<\/u><br \/>\npublished in: Europ\u00e4isches Wettbewerbsrecht nach der Reform, Behrens\/Braun\/Nowak (Hrsg.), Baden-Baden, 2006, p. 49-81 (coauthor) (more information <a href=\"http:\/\/www.nomos-shop.de\/Behrens-Braun-Nowak-Europ%C3%A4isches-Wettbewerbsrecht-Reform\/productview.aspx?product=512\">here<\/a>)<\/p>\n\n<p><u>Der Tunnel unter der Flunke (Submissionsbetrug und rechtswidrige Absprachen bei Ausschreibungen)<br>\n(The Tunnel under the Flunke - Submission Fraud and Bid-Rigging)<\/u>&nbsp;<br \/>\npublished in: Wirtschaftsstrafrecht aus Sicht der Strafverteidigung, R\u00f6nnau\/Samson (Hrsg.), Hamburg, 2002, p. 377-405 (coauthor)<\/p>\n<\/div>\n\t\t\t\t<\/div>\n\t\t\t\t\t\t\t\t<\/div>\n\t\t\t\t\t\t<\/div>\n\t\t\t\t<\/div>\n\t\t\t\t<\/div>\n\t\t\t\t\t<\/div>\n\t\t\t\t<\/div>\n\t\t\t\t<\/div>","protected":false},"excerpt":{"rendered":"<p>Schlie\u00dfen X DR. KONSTANTIN SEIFERT LL.B. Konstantin Seifert hat an der Bucerius Law School in Hamburg und an der Harvard Law School in Cambridge, USA, studiert. Er verbrachte Ausbildungsstationen unter anderem bei einer internationalen Wirtschaftskanzlei in Paris und am Deutschen Generalkonsulat in San Francisco. F\u00fcr seine Dissertation zum Europ\u00e4ischen Kartellrecht wurde er von der Universit\u00e4t [&hellip;]<\/p>\n","protected":false},"author":1,"featured_media":0,"parent":576,"menu_order":0,"comment_status":"closed","ping_status":"closed","template":"elementor_canvas","meta":{"footnotes":""},"class_list":["post-761","page","type-page","status-publish","hentry"],"yoast_head":"<!-- This site is optimized with the Yoast SEO plugin v27.3 - https:\/\/yoast.com\/product\/yoast-seo-wordpress\/ -->\n<title>Dr. Konstantin Seifert\u00a0LL.B. - Oppolzer | Seifert \u2013 Rechtsanwaltskanzlei f\u00fcr Kartellrecht<\/title>\n<meta name=\"robots\" content=\"index, follow, max-snippet:-1, max-image-preview:large, max-video-preview:-1\" \/>\n<link rel=\"canonical\" href=\"https:\/\/oppolzer-seifert.de\/en\/wer-sind-wir\/dr-konstantin-seifert-ll-b\/\" \/>\n<meta property=\"og:locale\" content=\"en_GB\" \/>\n<meta property=\"og:type\" content=\"article\" \/>\n<meta property=\"og:title\" content=\"Dr. Konstantin Seifert\u00a0LL.B. - Oppolzer | Seifert \u2013 Rechtsanwaltskanzlei f\u00fcr Kartellrecht\" \/>\n<meta property=\"og:description\" content=\"Schlie\u00dfen X DR. KONSTANTIN SEIFERT LL.B. Konstantin Seifert hat an der Bucerius Law School in Hamburg und an der Harvard Law School in Cambridge, USA, studiert. Er verbrachte Ausbildungsstationen unter anderem bei einer internationalen Wirtschaftskanzlei in Paris und am Deutschen Generalkonsulat in San Francisco. F\u00fcr seine Dissertation zum Europ\u00e4ischen Kartellrecht wurde er von der Universit\u00e4t [&hellip;]\" \/>\n<meta property=\"og:url\" content=\"https:\/\/oppolzer-seifert.de\/en\/wer-sind-wir\/dr-konstantin-seifert-ll-b\/\" \/>\n<meta property=\"og:site_name\" content=\"Oppolzer | Seifert \u2013 Rechtsanwaltskanzlei f\u00fcr Kartellrecht\" \/>\n<meta property=\"article:modified_time\" content=\"2024-05-22T06:20:55+00:00\" \/>\n<meta property=\"og:image\" content=\"http:\/\/new.oppolzer-seifert.de\/wp-content\/uploads\/2024\/03\/Portrait_KS.jpg\" \/>\n<meta name=\"twitter:card\" content=\"summary_large_image\" \/>\n<meta name=\"twitter:label1\" content=\"Estimated reading time\" \/>\n\t<meta name=\"twitter:data1\" content=\"2 minutes\" \/>\n<script type=\"application\/ld+json\" class=\"yoast-schema-graph\">{\"@context\":\"https:\\\/\\\/schema.org\",\"@graph\":[{\"@type\":\"WebPage\",\"@id\":\"https:\\\/\\\/oppolzer-seifert.de\\\/wer-sind-wir\\\/dr-konstantin-seifert-ll-b\\\/\",\"url\":\"https:\\\/\\\/oppolzer-seifert.de\\\/wer-sind-wir\\\/dr-konstantin-seifert-ll-b\\\/\",\"name\":\"Dr. Konstantin Seifert\u00a0LL.B. - Oppolzer | Seifert \u2013 Rechtsanwaltskanzlei f\u00fcr Kartellrecht\",\"isPartOf\":{\"@id\":\"https:\\\/\\\/oppolzer-seifert.de\\\/#website\"},\"primaryImageOfPage\":{\"@id\":\"https:\\\/\\\/oppolzer-seifert.de\\\/wer-sind-wir\\\/dr-konstantin-seifert-ll-b\\\/#primaryimage\"},\"image\":{\"@id\":\"https:\\\/\\\/oppolzer-seifert.de\\\/wer-sind-wir\\\/dr-konstantin-seifert-ll-b\\\/#primaryimage\"},\"thumbnailUrl\":\"http:\\\/\\\/new.oppolzer-seifert.de\\\/wp-content\\\/uploads\\\/2024\\\/03\\\/Portrait_KS.jpg\",\"datePublished\":\"2024-03-27T10:11:15+00:00\",\"dateModified\":\"2024-05-22T06:20:55+00:00\",\"breadcrumb\":{\"@id\":\"https:\\\/\\\/oppolzer-seifert.de\\\/wer-sind-wir\\\/dr-konstantin-seifert-ll-b\\\/#breadcrumb\"},\"inLanguage\":\"en-GB\",\"potentialAction\":[{\"@type\":\"ReadAction\",\"target\":[\"https:\\\/\\\/oppolzer-seifert.de\\\/wer-sind-wir\\\/dr-konstantin-seifert-ll-b\\\/\"]}]},{\"@type\":\"ImageObject\",\"inLanguage\":\"en-GB\",\"@id\":\"https:\\\/\\\/oppolzer-seifert.de\\\/wer-sind-wir\\\/dr-konstantin-seifert-ll-b\\\/#primaryimage\",\"url\":\"http:\\\/\\\/new.oppolzer-seifert.de\\\/wp-content\\\/uploads\\\/2024\\\/03\\\/Portrait_KS.jpg\",\"contentUrl\":\"http:\\\/\\\/new.oppolzer-seifert.de\\\/wp-content\\\/uploads\\\/2024\\\/03\\\/Portrait_KS.jpg\"},{\"@type\":\"BreadcrumbList\",\"@id\":\"https:\\\/\\\/oppolzer-seifert.de\\\/wer-sind-wir\\\/dr-konstantin-seifert-ll-b\\\/#breadcrumb\",\"itemListElement\":[{\"@type\":\"ListItem\",\"position\":1,\"name\":\"Startseite\",\"item\":\"https:\\\/\\\/oppolzer-seifert.de\\\/\"},{\"@type\":\"ListItem\",\"position\":2,\"name\":\"Wer wir sind\",\"item\":\"https:\\\/\\\/oppolzer-seifert.de\\\/wer-sind-wir\\\/\"},{\"@type\":\"ListItem\",\"position\":3,\"name\":\"Dr. Konstantin Seifert\u00a0LL.B.\"}]},{\"@type\":\"WebSite\",\"@id\":\"https:\\\/\\\/oppolzer-seifert.de\\\/#website\",\"url\":\"https:\\\/\\\/oppolzer-seifert.de\\\/\",\"name\":\"Oppolzer | Seifert Anw\u00e4lte\",\"description\":\"\",\"publisher\":{\"@id\":\"https:\\\/\\\/oppolzer-seifert.de\\\/#organization\"},\"potentialAction\":[{\"@type\":\"SearchAction\",\"target\":{\"@type\":\"EntryPoint\",\"urlTemplate\":\"https:\\\/\\\/oppolzer-seifert.de\\\/?s={search_term_string}\"},\"query-input\":{\"@type\":\"PropertyValueSpecification\",\"valueRequired\":true,\"valueName\":\"search_term_string\"}}],\"inLanguage\":\"en-GB\"},{\"@type\":\"Organization\",\"@id\":\"https:\\\/\\\/oppolzer-seifert.de\\\/#organization\",\"name\":\"Oppolzer | Seifert Anw\u00e4lte\",\"url\":\"https:\\\/\\\/oppolzer-seifert.de\\\/\",\"logo\":{\"@type\":\"ImageObject\",\"inLanguage\":\"en-GB\",\"@id\":\"https:\\\/\\\/oppolzer-seifert.de\\\/#\\\/schema\\\/logo\\\/image\\\/\",\"url\":\"https:\\\/\\\/oppolzer-seifert.de\\\/wp-content\\\/uploads\\\/2025\\\/03\\\/oppolzer_seifert_logo.png\",\"contentUrl\":\"https:\\\/\\\/oppolzer-seifert.de\\\/wp-content\\\/uploads\\\/2025\\\/03\\\/oppolzer_seifert_logo.png\",\"width\":650,\"height\":156,\"caption\":\"Oppolzer | Seifert Anw\u00e4lte\"},\"image\":{\"@id\":\"https:\\\/\\\/oppolzer-seifert.de\\\/#\\\/schema\\\/logo\\\/image\\\/\"}}]}<\/script>\n<!-- \/ Yoast SEO plugin. -->","yoast_head_json":{"title":"Dr. Konstantin Seifert\u00a0LL.B. - Oppolzer | Seifert \u2013 Rechtsanwaltskanzlei f\u00fcr Kartellrecht","robots":{"index":"index","follow":"follow","max-snippet":"max-snippet:-1","max-image-preview":"max-image-preview:large","max-video-preview":"max-video-preview:-1"},"canonical":"https:\/\/oppolzer-seifert.de\/en\/wer-sind-wir\/dr-konstantin-seifert-ll-b\/","og_locale":"en_GB","og_type":"article","og_title":"Dr. Konstantin Seifert\u00a0LL.B. - Oppolzer | Seifert \u2013 Rechtsanwaltskanzlei f\u00fcr Kartellrecht","og_description":"Schlie\u00dfen X DR. KONSTANTIN SEIFERT LL.B. Konstantin Seifert hat an der Bucerius Law School in Hamburg und an der Harvard Law School in Cambridge, USA, studiert. Er verbrachte Ausbildungsstationen unter anderem bei einer internationalen Wirtschaftskanzlei in Paris und am Deutschen Generalkonsulat in San Francisco. F\u00fcr seine Dissertation zum Europ\u00e4ischen Kartellrecht wurde er von der Universit\u00e4t [&hellip;]","og_url":"https:\/\/oppolzer-seifert.de\/en\/wer-sind-wir\/dr-konstantin-seifert-ll-b\/","og_site_name":"Oppolzer | Seifert \u2013 Rechtsanwaltskanzlei f\u00fcr Kartellrecht","article_modified_time":"2024-05-22T06:20:55+00:00","og_image":[{"url":"http:\/\/new.oppolzer-seifert.de\/wp-content\/uploads\/2024\/03\/Portrait_KS.jpg","type":"","width":"","height":""}],"twitter_card":"summary_large_image","twitter_misc":{"Estimated reading time":"2 minutes"},"schema":{"@context":"https:\/\/schema.org","@graph":[{"@type":"WebPage","@id":"https:\/\/oppolzer-seifert.de\/wer-sind-wir\/dr-konstantin-seifert-ll-b\/","url":"https:\/\/oppolzer-seifert.de\/wer-sind-wir\/dr-konstantin-seifert-ll-b\/","name":"Dr. Konstantin Seifert\u00a0LL.B. - Oppolzer | Seifert \u2013 Rechtsanwaltskanzlei f\u00fcr Kartellrecht","isPartOf":{"@id":"https:\/\/oppolzer-seifert.de\/#website"},"primaryImageOfPage":{"@id":"https:\/\/oppolzer-seifert.de\/wer-sind-wir\/dr-konstantin-seifert-ll-b\/#primaryimage"},"image":{"@id":"https:\/\/oppolzer-seifert.de\/wer-sind-wir\/dr-konstantin-seifert-ll-b\/#primaryimage"},"thumbnailUrl":"http:\/\/new.oppolzer-seifert.de\/wp-content\/uploads\/2024\/03\/Portrait_KS.jpg","datePublished":"2024-03-27T10:11:15+00:00","dateModified":"2024-05-22T06:20:55+00:00","breadcrumb":{"@id":"https:\/\/oppolzer-seifert.de\/wer-sind-wir\/dr-konstantin-seifert-ll-b\/#breadcrumb"},"inLanguage":"en-GB","potentialAction":[{"@type":"ReadAction","target":["https:\/\/oppolzer-seifert.de\/wer-sind-wir\/dr-konstantin-seifert-ll-b\/"]}]},{"@type":"ImageObject","inLanguage":"en-GB","@id":"https:\/\/oppolzer-seifert.de\/wer-sind-wir\/dr-konstantin-seifert-ll-b\/#primaryimage","url":"http:\/\/new.oppolzer-seifert.de\/wp-content\/uploads\/2024\/03\/Portrait_KS.jpg","contentUrl":"http:\/\/new.oppolzer-seifert.de\/wp-content\/uploads\/2024\/03\/Portrait_KS.jpg"},{"@type":"BreadcrumbList","@id":"https:\/\/oppolzer-seifert.de\/wer-sind-wir\/dr-konstantin-seifert-ll-b\/#breadcrumb","itemListElement":[{"@type":"ListItem","position":1,"name":"Startseite","item":"https:\/\/oppolzer-seifert.de\/"},{"@type":"ListItem","position":2,"name":"Wer wir sind","item":"https:\/\/oppolzer-seifert.de\/wer-sind-wir\/"},{"@type":"ListItem","position":3,"name":"Dr. Konstantin Seifert\u00a0LL.B."}]},{"@type":"WebSite","@id":"https:\/\/oppolzer-seifert.de\/#website","url":"https:\/\/oppolzer-seifert.de\/","name":"Oppolzer | Seifert Anw\u00e4lte","description":"","publisher":{"@id":"https:\/\/oppolzer-seifert.de\/#organization"},"potentialAction":[{"@type":"SearchAction","target":{"@type":"EntryPoint","urlTemplate":"https:\/\/oppolzer-seifert.de\/?s={search_term_string}"},"query-input":{"@type":"PropertyValueSpecification","valueRequired":true,"valueName":"search_term_string"}}],"inLanguage":"en-GB"},{"@type":"Organization","@id":"https:\/\/oppolzer-seifert.de\/#organization","name":"Oppolzer | Seifert Anw\u00e4lte","url":"https:\/\/oppolzer-seifert.de\/","logo":{"@type":"ImageObject","inLanguage":"en-GB","@id":"https:\/\/oppolzer-seifert.de\/#\/schema\/logo\/image\/","url":"https:\/\/oppolzer-seifert.de\/wp-content\/uploads\/2025\/03\/oppolzer_seifert_logo.png","contentUrl":"https:\/\/oppolzer-seifert.de\/wp-content\/uploads\/2025\/03\/oppolzer_seifert_logo.png","width":650,"height":156,"caption":"Oppolzer | Seifert Anw\u00e4lte"},"image":{"@id":"https:\/\/oppolzer-seifert.de\/#\/schema\/logo\/image\/"}}]}},"_links":{"self":[{"href":"https:\/\/oppolzer-seifert.de\/en\/wp-json\/wp\/v2\/pages\/761","targetHints":{"allow":["GET"]}}],"collection":[{"href":"https:\/\/oppolzer-seifert.de\/en\/wp-json\/wp\/v2\/pages"}],"about":[{"href":"https:\/\/oppolzer-seifert.de\/en\/wp-json\/wp\/v2\/types\/page"}],"author":[{"embeddable":true,"href":"https:\/\/oppolzer-seifert.de\/en\/wp-json\/wp\/v2\/users\/1"}],"replies":[{"embeddable":true,"href":"https:\/\/oppolzer-seifert.de\/en\/wp-json\/wp\/v2\/comments?post=761"}],"version-history":[{"count":10,"href":"https:\/\/oppolzer-seifert.de\/en\/wp-json\/wp\/v2\/pages\/761\/revisions"}],"predecessor-version":[{"id":1197,"href":"https:\/\/oppolzer-seifert.de\/en\/wp-json\/wp\/v2\/pages\/761\/revisions\/1197"}],"up":[{"embeddable":true,"href":"https:\/\/oppolzer-seifert.de\/en\/wp-json\/wp\/v2\/pages\/576"}],"wp:attachment":[{"href":"https:\/\/oppolzer-seifert.de\/en\/wp-json\/wp\/v2\/media?parent=761"}],"curies":[{"name":"wp","href":"https:\/\/api.w.org\/{rel}","templated":true}]}}