{"id":819,"date":"2024-03-27T11:59:24","date_gmt":"2024-03-27T10:59:24","guid":{"rendered":"http:\/\/new.oppolzer-seifert.de\/?page_id=819"},"modified":"2024-03-27T18:24:22","modified_gmt":"2024-03-27T17:24:22","slug":"schadensersatz","status":"publish","type":"page","link":"https:\/\/oppolzer-seifert.de\/en\/was-wir-bieten\/schadensersatz\/","title":{"rendered":"Schadensersatz"},"content":{"rendered":"<div data-elementor-type=\"wp-page\" data-elementor-id=\"819\" class=\"elementor elementor-819\" data-elementor-post-type=\"page\">\n\t\t\t\t<div class=\"elementor-element elementor-element-4e4106a e-flex e-con-boxed e-con e-parent\" data-id=\"4e4106a\" data-element_type=\"container\" data-e-type=\"container\">\n\t\t\t\t\t<div class=\"e-con-inner\">\n\t\t<div class=\"elementor-element elementor-element-8d8de6e e-flex e-con-boxed e-con e-child\" data-id=\"8d8de6e\" data-element_type=\"container\" data-e-type=\"container\">\n\t\t\t\t\t<div class=\"e-con-inner\">\n\t\t\t\t<div class=\"elementor-element elementor-element-4f6fa93 elementor-widget elementor-widget-text-editor\" data-id=\"4f6fa93\" data-element_type=\"widget\" data-e-type=\"widget\" data-widget_type=\"text-editor.default\">\n\t\t\t\t<div class=\"elementor-widget-container\">\n\t\t\t\t\t\t\t\t\t<p style=\"text-align: right;\"><a href=\"http:\/\/new.oppolzer-seifert.de\/was-wir-bieten\/\">Close X<\/a><\/p>\t\t\t\t\t\t\t\t<\/div>\n\t\t\t\t<\/div>\n\t\t\t\t\t<\/div>\n\t\t\t\t<\/div>\n\t\t<div class=\"elementor-element elementor-element-f8b7f7f e-flex e-con-boxed e-con e-child\" data-id=\"f8b7f7f\" data-element_type=\"container\" data-e-type=\"container\">\n\t\t\t\t\t<div class=\"e-con-inner\">\n\t\t\t\t<div class=\"elementor-element elementor-element-0ed0556 elementor-widget elementor-widget-heading\" data-id=\"0ed0556\" data-element_type=\"widget\" data-e-type=\"widget\" data-widget_type=\"heading.default\">\n\t\t\t\t<div class=\"elementor-widget-container\">\n\t\t\t\t\t<h2 class=\"elementor-heading-title elementor-size-default\">CARTEL DAMAGE LITIGATION<\/h2>\t\t\t\t<\/div>\n\t\t\t\t<\/div>\n\t\t\t\t\t<\/div>\n\t\t\t\t<\/div>\n\t\t<div class=\"elementor-element elementor-element-3b7052f e-con-full e-flex e-con e-child\" data-id=\"3b7052f\" data-element_type=\"container\" data-e-type=\"container\">\n\t\t\t\t<div class=\"elementor-element elementor-element-0ea4e78 elementor-widget elementor-widget-text-editor\" data-id=\"0ea4e78\" data-element_type=\"widget\" data-e-type=\"widget\" data-widget_type=\"text-editor.default\">\n\t\t\t\t<div class=\"elementor-widget-container\">\n\t\t\t\t\t\t\t\t\t<p><strong>Oppolzer | Seifert<\/strong>\u00a0represents customers or competitors that have suffered damages as a result of competition law infringements. We lead settlement negotiations and, where necessary, enforce our clients\u2018 claims in court.\u00a0<\/p><p>We have extensive experience in the representation of claimants (e.g. in the cartel cases regarding TV-advertising, sugar, and trucks) and have longstanding and close contact and relationships with leading competition economists and litigation funds, enabling us to offer you a comprehensive one-stop service in the recovery of damages.<\/p>\t\t\t\t\t\t\t\t<\/div>\n\t\t\t\t<\/div>\n\t\t\t\t<\/div>\n\t\t\t\t\t<\/div>\n\t\t\t\t<\/div>\n\t\t\t\t<\/div>","protected":false},"excerpt":{"rendered":"<p>Schlie\u00dfen X SCHADENSERSATZ Oppolzer | Seifert\u00a0vertritt gesch\u00e4digte Abnehmer von Kartellen in zivilrechtlichen Schadensersatzverfahren. Wir sind au\u00dfergerichtlich und, falls erforderlich, auch gerichtlich f\u00fcr Sie t\u00e4tig.\u00a0 Wir verf\u00fcgen \u00fcber langj\u00e4hrige Erfahrung in diesem Bereich (bspw. f\u00fcr Gesch\u00e4digte i. S. TV-Werbezeiten, Zucker und LKW) und \u00fcber enge Kontakte zu renommierten Wettbewerbs\u00f6konomen und Prozessfinanzierern und k\u00f6nnen Ihnen daher eine [&hellip;]<\/p>\n","protected":false},"author":1,"featured_media":0,"parent":413,"menu_order":0,"comment_status":"closed","ping_status":"closed","template":"elementor_canvas","meta":{"footnotes":""},"class_list":["post-819","page","type-page","status-publish","hentry"],"yoast_head":"<!-- This site is optimized with the Yoast SEO plugin v27.3 - https:\/\/yoast.com\/product\/yoast-seo-wordpress\/ -->\n<title>Schadensersatz - Oppolzer | Seifert \u2013 Rechtsanwaltskanzlei f\u00fcr Kartellrecht<\/title>\n<meta name=\"robots\" content=\"index, follow, max-snippet:-1, max-image-preview:large, max-video-preview:-1\" \/>\n<link rel=\"canonical\" href=\"https:\/\/oppolzer-seifert.de\/en\/was-wir-bieten\/schadensersatz\/\" \/>\n<meta property=\"og:locale\" content=\"en_GB\" \/>\n<meta property=\"og:type\" content=\"article\" \/>\n<meta property=\"og:title\" content=\"Schadensersatz - Oppolzer | Seifert \u2013 Rechtsanwaltskanzlei f\u00fcr Kartellrecht\" \/>\n<meta property=\"og:description\" content=\"Schlie\u00dfen X SCHADENSERSATZ Oppolzer | Seifert\u00a0vertritt gesch\u00e4digte Abnehmer von Kartellen in zivilrechtlichen Schadensersatzverfahren. Wir sind au\u00dfergerichtlich und, falls erforderlich, auch gerichtlich f\u00fcr Sie t\u00e4tig.\u00a0 Wir verf\u00fcgen \u00fcber langj\u00e4hrige Erfahrung in diesem Bereich (bspw. f\u00fcr Gesch\u00e4digte i. S. TV-Werbezeiten, Zucker und LKW) und \u00fcber enge Kontakte zu renommierten Wettbewerbs\u00f6konomen und Prozessfinanzierern und k\u00f6nnen Ihnen daher eine [&hellip;]\" \/>\n<meta property=\"og:url\" content=\"https:\/\/oppolzer-seifert.de\/en\/was-wir-bieten\/schadensersatz\/\" \/>\n<meta property=\"og:site_name\" content=\"Oppolzer | Seifert \u2013 Rechtsanwaltskanzlei f\u00fcr Kartellrecht\" \/>\n<meta property=\"article:modified_time\" content=\"2024-03-27T17:24:22+00:00\" \/>\n<meta name=\"twitter:card\" content=\"summary_large_image\" \/>\n<script type=\"application\/ld+json\" class=\"yoast-schema-graph\">{\"@context\":\"https:\\\/\\\/schema.org\",\"@graph\":[{\"@type\":\"WebPage\",\"@id\":\"https:\\\/\\\/oppolzer-seifert.de\\\/was-wir-bieten\\\/schadensersatz\\\/\",\"url\":\"https:\\\/\\\/oppolzer-seifert.de\\\/was-wir-bieten\\\/schadensersatz\\\/\",\"name\":\"Schadensersatz - Oppolzer | Seifert \u2013 Rechtsanwaltskanzlei f\u00fcr Kartellrecht\",\"isPartOf\":{\"@id\":\"https:\\\/\\\/oppolzer-seifert.de\\\/#website\"},\"datePublished\":\"2024-03-27T10:59:24+00:00\",\"dateModified\":\"2024-03-27T17:24:22+00:00\",\"breadcrumb\":{\"@id\":\"https:\\\/\\\/oppolzer-seifert.de\\\/was-wir-bieten\\\/schadensersatz\\\/#breadcrumb\"},\"inLanguage\":\"en-GB\",\"potentialAction\":[{\"@type\":\"ReadAction\",\"target\":[\"https:\\\/\\\/oppolzer-seifert.de\\\/was-wir-bieten\\\/schadensersatz\\\/\"]}]},{\"@type\":\"BreadcrumbList\",\"@id\":\"https:\\\/\\\/oppolzer-seifert.de\\\/was-wir-bieten\\\/schadensersatz\\\/#breadcrumb\",\"itemListElement\":[{\"@type\":\"ListItem\",\"position\":1,\"name\":\"Startseite\",\"item\":\"https:\\\/\\\/oppolzer-seifert.de\\\/\"},{\"@type\":\"ListItem\",\"position\":2,\"name\":\"Was wir bieten\",\"item\":\"https:\\\/\\\/oppolzer-seifert.de\\\/was-wir-bieten\\\/\"},{\"@type\":\"ListItem\",\"position\":3,\"name\":\"Schadensersatz\"}]},{\"@type\":\"WebSite\",\"@id\":\"https:\\\/\\\/oppolzer-seifert.de\\\/#website\",\"url\":\"https:\\\/\\\/oppolzer-seifert.de\\\/\",\"name\":\"Oppolzer | Seifert Anw\u00e4lte\",\"description\":\"\",\"publisher\":{\"@id\":\"https:\\\/\\\/oppolzer-seifert.de\\\/#organization\"},\"potentialAction\":[{\"@type\":\"SearchAction\",\"target\":{\"@type\":\"EntryPoint\",\"urlTemplate\":\"https:\\\/\\\/oppolzer-seifert.de\\\/?s={search_term_string}\"},\"query-input\":{\"@type\":\"PropertyValueSpecification\",\"valueRequired\":true,\"valueName\":\"search_term_string\"}}],\"inLanguage\":\"en-GB\"},{\"@type\":\"Organization\",\"@id\":\"https:\\\/\\\/oppolzer-seifert.de\\\/#organization\",\"name\":\"Oppolzer | Seifert Anw\u00e4lte\",\"url\":\"https:\\\/\\\/oppolzer-seifert.de\\\/\",\"logo\":{\"@type\":\"ImageObject\",\"inLanguage\":\"en-GB\",\"@id\":\"https:\\\/\\\/oppolzer-seifert.de\\\/#\\\/schema\\\/logo\\\/image\\\/\",\"url\":\"https:\\\/\\\/oppolzer-seifert.de\\\/wp-content\\\/uploads\\\/2025\\\/03\\\/oppolzer_seifert_logo.png\",\"contentUrl\":\"https:\\\/\\\/oppolzer-seifert.de\\\/wp-content\\\/uploads\\\/2025\\\/03\\\/oppolzer_seifert_logo.png\",\"width\":650,\"height\":156,\"caption\":\"Oppolzer | Seifert Anw\u00e4lte\"},\"image\":{\"@id\":\"https:\\\/\\\/oppolzer-seifert.de\\\/#\\\/schema\\\/logo\\\/image\\\/\"}}]}<\/script>\n<!-- \/ Yoast SEO plugin. -->","yoast_head_json":{"title":"Schadensersatz - Oppolzer | Seifert \u2013 Rechtsanwaltskanzlei f\u00fcr Kartellrecht","robots":{"index":"index","follow":"follow","max-snippet":"max-snippet:-1","max-image-preview":"max-image-preview:large","max-video-preview":"max-video-preview:-1"},"canonical":"https:\/\/oppolzer-seifert.de\/en\/was-wir-bieten\/schadensersatz\/","og_locale":"en_GB","og_type":"article","og_title":"Schadensersatz - Oppolzer | Seifert \u2013 Rechtsanwaltskanzlei f\u00fcr Kartellrecht","og_description":"Schlie\u00dfen X SCHADENSERSATZ Oppolzer | Seifert\u00a0vertritt gesch\u00e4digte Abnehmer von Kartellen in zivilrechtlichen Schadensersatzverfahren. Wir sind au\u00dfergerichtlich und, falls erforderlich, auch gerichtlich f\u00fcr Sie t\u00e4tig.\u00a0 Wir verf\u00fcgen \u00fcber langj\u00e4hrige Erfahrung in diesem Bereich (bspw. f\u00fcr Gesch\u00e4digte i. S. TV-Werbezeiten, Zucker und LKW) und \u00fcber enge Kontakte zu renommierten Wettbewerbs\u00f6konomen und Prozessfinanzierern und k\u00f6nnen Ihnen daher eine [&hellip;]","og_url":"https:\/\/oppolzer-seifert.de\/en\/was-wir-bieten\/schadensersatz\/","og_site_name":"Oppolzer | Seifert \u2013 Rechtsanwaltskanzlei f\u00fcr Kartellrecht","article_modified_time":"2024-03-27T17:24:22+00:00","twitter_card":"summary_large_image","schema":{"@context":"https:\/\/schema.org","@graph":[{"@type":"WebPage","@id":"https:\/\/oppolzer-seifert.de\/was-wir-bieten\/schadensersatz\/","url":"https:\/\/oppolzer-seifert.de\/was-wir-bieten\/schadensersatz\/","name":"Schadensersatz - Oppolzer | Seifert \u2013 Rechtsanwaltskanzlei f\u00fcr Kartellrecht","isPartOf":{"@id":"https:\/\/oppolzer-seifert.de\/#website"},"datePublished":"2024-03-27T10:59:24+00:00","dateModified":"2024-03-27T17:24:22+00:00","breadcrumb":{"@id":"https:\/\/oppolzer-seifert.de\/was-wir-bieten\/schadensersatz\/#breadcrumb"},"inLanguage":"en-GB","potentialAction":[{"@type":"ReadAction","target":["https:\/\/oppolzer-seifert.de\/was-wir-bieten\/schadensersatz\/"]}]},{"@type":"BreadcrumbList","@id":"https:\/\/oppolzer-seifert.de\/was-wir-bieten\/schadensersatz\/#breadcrumb","itemListElement":[{"@type":"ListItem","position":1,"name":"Startseite","item":"https:\/\/oppolzer-seifert.de\/"},{"@type":"ListItem","position":2,"name":"Was wir bieten","item":"https:\/\/oppolzer-seifert.de\/was-wir-bieten\/"},{"@type":"ListItem","position":3,"name":"Schadensersatz"}]},{"@type":"WebSite","@id":"https:\/\/oppolzer-seifert.de\/#website","url":"https:\/\/oppolzer-seifert.de\/","name":"Oppolzer | Seifert Anw\u00e4lte","description":"","publisher":{"@id":"https:\/\/oppolzer-seifert.de\/#organization"},"potentialAction":[{"@type":"SearchAction","target":{"@type":"EntryPoint","urlTemplate":"https:\/\/oppolzer-seifert.de\/?s={search_term_string}"},"query-input":{"@type":"PropertyValueSpecification","valueRequired":true,"valueName":"search_term_string"}}],"inLanguage":"en-GB"},{"@type":"Organization","@id":"https:\/\/oppolzer-seifert.de\/#organization","name":"Oppolzer | Seifert Anw\u00e4lte","url":"https:\/\/oppolzer-seifert.de\/","logo":{"@type":"ImageObject","inLanguage":"en-GB","@id":"https:\/\/oppolzer-seifert.de\/#\/schema\/logo\/image\/","url":"https:\/\/oppolzer-seifert.de\/wp-content\/uploads\/2025\/03\/oppolzer_seifert_logo.png","contentUrl":"https:\/\/oppolzer-seifert.de\/wp-content\/uploads\/2025\/03\/oppolzer_seifert_logo.png","width":650,"height":156,"caption":"Oppolzer | Seifert Anw\u00e4lte"},"image":{"@id":"https:\/\/oppolzer-seifert.de\/#\/schema\/logo\/image\/"}}]}},"_links":{"self":[{"href":"https:\/\/oppolzer-seifert.de\/en\/wp-json\/wp\/v2\/pages\/819","targetHints":{"allow":["GET"]}}],"collection":[{"href":"https:\/\/oppolzer-seifert.de\/en\/wp-json\/wp\/v2\/pages"}],"about":[{"href":"https:\/\/oppolzer-seifert.de\/en\/wp-json\/wp\/v2\/types\/page"}],"author":[{"embeddable":true,"href":"https:\/\/oppolzer-seifert.de\/en\/wp-json\/wp\/v2\/users\/1"}],"replies":[{"embeddable":true,"href":"https:\/\/oppolzer-seifert.de\/en\/wp-json\/wp\/v2\/comments?post=819"}],"version-history":[{"count":7,"href":"https:\/\/oppolzer-seifert.de\/en\/wp-json\/wp\/v2\/pages\/819\/revisions"}],"predecessor-version":[{"id":985,"href":"https:\/\/oppolzer-seifert.de\/en\/wp-json\/wp\/v2\/pages\/819\/revisions\/985"}],"up":[{"embeddable":true,"href":"https:\/\/oppolzer-seifert.de\/en\/wp-json\/wp\/v2\/pages\/413"}],"wp:attachment":[{"href":"https:\/\/oppolzer-seifert.de\/en\/wp-json\/wp\/v2\/media?parent=819"}],"curies":[{"name":"wp","href":"https:\/\/api.w.org\/{rel}","templated":true}]}}