{"id":842,"date":"2024-03-27T12:08:24","date_gmt":"2024-03-27T11:08:24","guid":{"rendered":"http:\/\/new.oppolzer-seifert.de\/?page_id=842"},"modified":"2024-03-27T18:23:59","modified_gmt":"2024-03-27T17:23:59","slug":"kooperationen","status":"publish","type":"page","link":"https:\/\/oppolzer-seifert.de\/en\/was-wir-bieten\/kooperationen\/","title":{"rendered":"Kooperationen"},"content":{"rendered":"<div data-elementor-type=\"wp-page\" data-elementor-id=\"842\" class=\"elementor elementor-842\" data-elementor-post-type=\"page\">\n\t\t\t\t<div class=\"elementor-element elementor-element-4e4106a e-flex e-con-boxed e-con e-parent\" data-id=\"4e4106a\" data-element_type=\"container\" data-e-type=\"container\">\n\t\t\t\t\t<div class=\"e-con-inner\">\n\t\t<div class=\"elementor-element elementor-element-8d8de6e e-flex e-con-boxed e-con e-child\" data-id=\"8d8de6e\" data-element_type=\"container\" data-e-type=\"container\">\n\t\t\t\t\t<div class=\"e-con-inner\">\n\t\t\t\t<div class=\"elementor-element elementor-element-4f6fa93 elementor-widget elementor-widget-text-editor\" data-id=\"4f6fa93\" data-element_type=\"widget\" data-e-type=\"widget\" data-widget_type=\"text-editor.default\">\n\t\t\t\t<div class=\"elementor-widget-container\">\n\t\t\t\t\t\t\t\t\t<p style=\"text-align: right;\"><a href=\"http:\/\/new.oppolzer-seifert.de\/was-wir-bieten\/\">Close X<\/a><\/p>\t\t\t\t\t\t\t\t<\/div>\n\t\t\t\t<\/div>\n\t\t\t\t\t<\/div>\n\t\t\t\t<\/div>\n\t\t<div class=\"elementor-element elementor-element-f8b7f7f e-flex e-con-boxed e-con e-child\" data-id=\"f8b7f7f\" data-element_type=\"container\" data-e-type=\"container\">\n\t\t\t\t\t<div class=\"e-con-inner\">\n\t\t\t\t<div class=\"elementor-element elementor-element-0ed0556 elementor-widget elementor-widget-heading\" data-id=\"0ed0556\" data-element_type=\"widget\" data-e-type=\"widget\" data-widget_type=\"heading.default\">\n\t\t\t\t<div class=\"elementor-widget-container\">\n\t\t\t\t\t<h2 class=\"elementor-heading-title elementor-size-default\">Kooperationen<\/h2>\t\t\t\t<\/div>\n\t\t\t\t<\/div>\n\t\t\t\t\t<\/div>\n\t\t\t\t<\/div>\n\t\t<div class=\"elementor-element elementor-element-3b7052f e-con-full e-flex e-con e-child\" data-id=\"3b7052f\" data-element_type=\"container\" data-e-type=\"container\">\n\t\t\t\t<div class=\"elementor-element elementor-element-0ea4e78 elementor-widget elementor-widget-text-editor\" data-id=\"0ea4e78\" data-element_type=\"widget\" data-e-type=\"widget\" data-widget_type=\"text-editor.default\">\n\t\t\t\t<div class=\"elementor-widget-container\">\n\t\t\t\t\t\t\t\t\t<p><strong>Oppolzer | Seifert<\/strong>\u00a0files merger notifications with the German Federal Cartel Office and the European Commission. Where transactions require merger clearance in multiple jurisdictions we can rely on a longstanding international network of leading antitrust counsel.\u00a0<\/p><p>We also examine mergers planned by third party companies and make sure your competition concerns are heard in the authorities\u2018 merger control proceedings and, where required, through appeal procedures.<\/p>\t\t\t\t\t\t\t\t<\/div>\n\t\t\t\t<\/div>\n\t\t\t\t<\/div>\n\t\t\t\t\t<\/div>\n\t\t\t\t<\/div>\n\t\t\t\t<\/div>","protected":false},"excerpt":{"rendered":"<p>Schlie\u00dfen X Kooperationen Oppolzer | Seifert\u00a0meldet Zusammenschl\u00fcsse von Unternehmen beim Bundeskartellamt und der Europ\u00e4ischen Kommission an. Bei Transaktionen, die Anmeldepflichten in mehreren Jurisdiktionen ausl\u00f6sen, arbeiten wir eng mit einem langj\u00e4hrigen Netzwerk ausl\u00e4ndischer Partnerkanzleien zusammen.\u00a0 Wir begutachten auch geplante Zusammenschl\u00fcsse von Drittunternehmen und verschaffen Ihren wettbewerblichen Bedenken im Wege von Beiladungs- und Beschwerdeverfahren Geh\u00f6r.<\/p>","protected":false},"author":1,"featured_media":0,"parent":413,"menu_order":0,"comment_status":"closed","ping_status":"closed","template":"elementor_canvas","meta":{"footnotes":""},"class_list":["post-842","page","type-page","status-publish","hentry"],"yoast_head":"<!-- This site is optimized with the Yoast SEO plugin v27.3 - https:\/\/yoast.com\/product\/yoast-seo-wordpress\/ -->\n<title>Kooperationen - Oppolzer | Seifert \u2013 Rechtsanwaltskanzlei f\u00fcr Kartellrecht<\/title>\n<meta name=\"robots\" content=\"index, follow, max-snippet:-1, max-image-preview:large, max-video-preview:-1\" \/>\n<link rel=\"canonical\" href=\"https:\/\/oppolzer-seifert.de\/en\/was-wir-bieten\/kooperationen\/\" \/>\n<meta property=\"og:locale\" content=\"en_GB\" \/>\n<meta property=\"og:type\" content=\"article\" \/>\n<meta property=\"og:title\" content=\"Kooperationen - Oppolzer | Seifert \u2013 Rechtsanwaltskanzlei f\u00fcr Kartellrecht\" \/>\n<meta property=\"og:description\" content=\"Schlie\u00dfen X Kooperationen Oppolzer | Seifert\u00a0meldet Zusammenschl\u00fcsse von Unternehmen beim Bundeskartellamt und der Europ\u00e4ischen Kommission an. Bei Transaktionen, die Anmeldepflichten in mehreren Jurisdiktionen ausl\u00f6sen, arbeiten wir eng mit einem langj\u00e4hrigen Netzwerk ausl\u00e4ndischer Partnerkanzleien zusammen.\u00a0 Wir begutachten auch geplante Zusammenschl\u00fcsse von Drittunternehmen und verschaffen Ihren wettbewerblichen Bedenken im Wege von Beiladungs- und Beschwerdeverfahren Geh\u00f6r.\" \/>\n<meta property=\"og:url\" content=\"https:\/\/oppolzer-seifert.de\/en\/was-wir-bieten\/kooperationen\/\" \/>\n<meta property=\"og:site_name\" content=\"Oppolzer | Seifert \u2013 Rechtsanwaltskanzlei f\u00fcr Kartellrecht\" \/>\n<meta property=\"article:modified_time\" content=\"2024-03-27T17:23:59+00:00\" \/>\n<meta name=\"twitter:card\" content=\"summary_large_image\" \/>\n<script type=\"application\/ld+json\" class=\"yoast-schema-graph\">{\"@context\":\"https:\\\/\\\/schema.org\",\"@graph\":[{\"@type\":\"WebPage\",\"@id\":\"https:\\\/\\\/oppolzer-seifert.de\\\/was-wir-bieten\\\/kooperationen\\\/\",\"url\":\"https:\\\/\\\/oppolzer-seifert.de\\\/was-wir-bieten\\\/kooperationen\\\/\",\"name\":\"Kooperationen - Oppolzer | Seifert \u2013 Rechtsanwaltskanzlei f\u00fcr Kartellrecht\",\"isPartOf\":{\"@id\":\"https:\\\/\\\/oppolzer-seifert.de\\\/#website\"},\"datePublished\":\"2024-03-27T11:08:24+00:00\",\"dateModified\":\"2024-03-27T17:23:59+00:00\",\"breadcrumb\":{\"@id\":\"https:\\\/\\\/oppolzer-seifert.de\\\/was-wir-bieten\\\/kooperationen\\\/#breadcrumb\"},\"inLanguage\":\"en-GB\",\"potentialAction\":[{\"@type\":\"ReadAction\",\"target\":[\"https:\\\/\\\/oppolzer-seifert.de\\\/was-wir-bieten\\\/kooperationen\\\/\"]}]},{\"@type\":\"BreadcrumbList\",\"@id\":\"https:\\\/\\\/oppolzer-seifert.de\\\/was-wir-bieten\\\/kooperationen\\\/#breadcrumb\",\"itemListElement\":[{\"@type\":\"ListItem\",\"position\":1,\"name\":\"Startseite\",\"item\":\"https:\\\/\\\/oppolzer-seifert.de\\\/\"},{\"@type\":\"ListItem\",\"position\":2,\"name\":\"Was wir bieten\",\"item\":\"https:\\\/\\\/oppolzer-seifert.de\\\/was-wir-bieten\\\/\"},{\"@type\":\"ListItem\",\"position\":3,\"name\":\"Kooperationen\"}]},{\"@type\":\"WebSite\",\"@id\":\"https:\\\/\\\/oppolzer-seifert.de\\\/#website\",\"url\":\"https:\\\/\\\/oppolzer-seifert.de\\\/\",\"name\":\"Oppolzer | Seifert Anw\u00e4lte\",\"description\":\"\",\"publisher\":{\"@id\":\"https:\\\/\\\/oppolzer-seifert.de\\\/#organization\"},\"potentialAction\":[{\"@type\":\"SearchAction\",\"target\":{\"@type\":\"EntryPoint\",\"urlTemplate\":\"https:\\\/\\\/oppolzer-seifert.de\\\/?s={search_term_string}\"},\"query-input\":{\"@type\":\"PropertyValueSpecification\",\"valueRequired\":true,\"valueName\":\"search_term_string\"}}],\"inLanguage\":\"en-GB\"},{\"@type\":\"Organization\",\"@id\":\"https:\\\/\\\/oppolzer-seifert.de\\\/#organization\",\"name\":\"Oppolzer | Seifert Anw\u00e4lte\",\"url\":\"https:\\\/\\\/oppolzer-seifert.de\\\/\",\"logo\":{\"@type\":\"ImageObject\",\"inLanguage\":\"en-GB\",\"@id\":\"https:\\\/\\\/oppolzer-seifert.de\\\/#\\\/schema\\\/logo\\\/image\\\/\",\"url\":\"https:\\\/\\\/oppolzer-seifert.de\\\/wp-content\\\/uploads\\\/2025\\\/03\\\/oppolzer_seifert_logo.png\",\"contentUrl\":\"https:\\\/\\\/oppolzer-seifert.de\\\/wp-content\\\/uploads\\\/2025\\\/03\\\/oppolzer_seifert_logo.png\",\"width\":650,\"height\":156,\"caption\":\"Oppolzer | Seifert Anw\u00e4lte\"},\"image\":{\"@id\":\"https:\\\/\\\/oppolzer-seifert.de\\\/#\\\/schema\\\/logo\\\/image\\\/\"}}]}<\/script>\n<!-- \/ Yoast SEO plugin. -->","yoast_head_json":{"title":"Kooperationen - Oppolzer | Seifert \u2013 Rechtsanwaltskanzlei f\u00fcr Kartellrecht","robots":{"index":"index","follow":"follow","max-snippet":"max-snippet:-1","max-image-preview":"max-image-preview:large","max-video-preview":"max-video-preview:-1"},"canonical":"https:\/\/oppolzer-seifert.de\/en\/was-wir-bieten\/kooperationen\/","og_locale":"en_GB","og_type":"article","og_title":"Kooperationen - Oppolzer | Seifert \u2013 Rechtsanwaltskanzlei f\u00fcr Kartellrecht","og_description":"Schlie\u00dfen X Kooperationen Oppolzer | Seifert\u00a0meldet Zusammenschl\u00fcsse von Unternehmen beim Bundeskartellamt und der Europ\u00e4ischen Kommission an. Bei Transaktionen, die Anmeldepflichten in mehreren Jurisdiktionen ausl\u00f6sen, arbeiten wir eng mit einem langj\u00e4hrigen Netzwerk ausl\u00e4ndischer Partnerkanzleien zusammen.\u00a0 Wir begutachten auch geplante Zusammenschl\u00fcsse von Drittunternehmen und verschaffen Ihren wettbewerblichen Bedenken im Wege von Beiladungs- und Beschwerdeverfahren Geh\u00f6r.","og_url":"https:\/\/oppolzer-seifert.de\/en\/was-wir-bieten\/kooperationen\/","og_site_name":"Oppolzer | Seifert \u2013 Rechtsanwaltskanzlei f\u00fcr Kartellrecht","article_modified_time":"2024-03-27T17:23:59+00:00","twitter_card":"summary_large_image","schema":{"@context":"https:\/\/schema.org","@graph":[{"@type":"WebPage","@id":"https:\/\/oppolzer-seifert.de\/was-wir-bieten\/kooperationen\/","url":"https:\/\/oppolzer-seifert.de\/was-wir-bieten\/kooperationen\/","name":"Kooperationen - Oppolzer | Seifert \u2013 Rechtsanwaltskanzlei f\u00fcr Kartellrecht","isPartOf":{"@id":"https:\/\/oppolzer-seifert.de\/#website"},"datePublished":"2024-03-27T11:08:24+00:00","dateModified":"2024-03-27T17:23:59+00:00","breadcrumb":{"@id":"https:\/\/oppolzer-seifert.de\/was-wir-bieten\/kooperationen\/#breadcrumb"},"inLanguage":"en-GB","potentialAction":[{"@type":"ReadAction","target":["https:\/\/oppolzer-seifert.de\/was-wir-bieten\/kooperationen\/"]}]},{"@type":"BreadcrumbList","@id":"https:\/\/oppolzer-seifert.de\/was-wir-bieten\/kooperationen\/#breadcrumb","itemListElement":[{"@type":"ListItem","position":1,"name":"Startseite","item":"https:\/\/oppolzer-seifert.de\/"},{"@type":"ListItem","position":2,"name":"Was wir bieten","item":"https:\/\/oppolzer-seifert.de\/was-wir-bieten\/"},{"@type":"ListItem","position":3,"name":"Kooperationen"}]},{"@type":"WebSite","@id":"https:\/\/oppolzer-seifert.de\/#website","url":"https:\/\/oppolzer-seifert.de\/","name":"Oppolzer | Seifert Anw\u00e4lte","description":"","publisher":{"@id":"https:\/\/oppolzer-seifert.de\/#organization"},"potentialAction":[{"@type":"SearchAction","target":{"@type":"EntryPoint","urlTemplate":"https:\/\/oppolzer-seifert.de\/?s={search_term_string}"},"query-input":{"@type":"PropertyValueSpecification","valueRequired":true,"valueName":"search_term_string"}}],"inLanguage":"en-GB"},{"@type":"Organization","@id":"https:\/\/oppolzer-seifert.de\/#organization","name":"Oppolzer | Seifert Anw\u00e4lte","url":"https:\/\/oppolzer-seifert.de\/","logo":{"@type":"ImageObject","inLanguage":"en-GB","@id":"https:\/\/oppolzer-seifert.de\/#\/schema\/logo\/image\/","url":"https:\/\/oppolzer-seifert.de\/wp-content\/uploads\/2025\/03\/oppolzer_seifert_logo.png","contentUrl":"https:\/\/oppolzer-seifert.de\/wp-content\/uploads\/2025\/03\/oppolzer_seifert_logo.png","width":650,"height":156,"caption":"Oppolzer | Seifert Anw\u00e4lte"},"image":{"@id":"https:\/\/oppolzer-seifert.de\/#\/schema\/logo\/image\/"}}]}},"_links":{"self":[{"href":"https:\/\/oppolzer-seifert.de\/en\/wp-json\/wp\/v2\/pages\/842","targetHints":{"allow":["GET"]}}],"collection":[{"href":"https:\/\/oppolzer-seifert.de\/en\/wp-json\/wp\/v2\/pages"}],"about":[{"href":"https:\/\/oppolzer-seifert.de\/en\/wp-json\/wp\/v2\/types\/page"}],"author":[{"embeddable":true,"href":"https:\/\/oppolzer-seifert.de\/en\/wp-json\/wp\/v2\/users\/1"}],"replies":[{"embeddable":true,"href":"https:\/\/oppolzer-seifert.de\/en\/wp-json\/wp\/v2\/comments?post=842"}],"version-history":[{"count":10,"href":"https:\/\/oppolzer-seifert.de\/en\/wp-json\/wp\/v2\/pages\/842\/revisions"}],"predecessor-version":[{"id":982,"href":"https:\/\/oppolzer-seifert.de\/en\/wp-json\/wp\/v2\/pages\/842\/revisions\/982"}],"up":[{"embeddable":true,"href":"https:\/\/oppolzer-seifert.de\/en\/wp-json\/wp\/v2\/pages\/413"}],"wp:attachment":[{"href":"https:\/\/oppolzer-seifert.de\/en\/wp-json\/wp\/v2\/media?parent=842"}],"curies":[{"name":"wp","href":"https:\/\/api.w.org\/{rel}","templated":true}]}}